{"id":105189,"date":"2025-11-04T03:43:11","date_gmt":"2025-11-04T01:43:11","guid":{"rendered":"https:\/\/automatic.ee\/toode\/pro-line-pihusti-ja-eelsuutekuunla-maare-20g-liqui-moly\/"},"modified":"2025-11-04T03:43:11","modified_gmt":"2025-11-04T01:43:11","slug":"pro-line-pihusti-ja-eelsuutekuunla-maare-20g-liqui-moly","status":"publish","type":"product","link":"https:\/\/automatic.ee\/ru\/toode\/pro-line-pihusti-ja-eelsuutekuunla-maare-20g-liqui-moly\/","title":{"rendered":"Pro-Line pihusti ja eels\u00fc\u00fctek\u00fc\u00fcnla m\u00e4\u00e4re 20g LIQUI MOLY"},"content":{"rendered":"<p>LIQUI MOLY<\/p>\n<p>LM3381<\/p>\n","protected":false},"excerpt":{"rendered":"<p>LM3381 LIQUI MOLY<\/p>\n","protected":false},"featured_media":105186,"comment_status":"open","ping_status":"closed","template":"","meta":{"colormag_page_container_layout":"default_layout","colormag_page_sidebar_layout":"default_layout"},"product_brand":[],"product_cat":[108],"product_tag":[],"class_list":{"0":"post-105189","1":"product","2":"type-product","3":"status-publish","4":"has-post-thumbnail","6":"product_cat-misc","8":"first","9":"instock","10":"shipping-taxable","11":"purchasable","12":"product-type-simple"},"_links":{"self":[{"href":"https:\/\/automatic.ee\/ru\/wp-json\/wp\/v2\/product\/105189","targetHints":{"allow":["GET"]}}],"collection":[{"href":"https:\/\/automatic.ee\/ru\/wp-json\/wp\/v2\/product"}],"about":[{"href":"https:\/\/automatic.ee\/ru\/wp-json\/wp\/v2\/types\/product"}],"replies":[{"embeddable":true,"href":"https:\/\/automatic.ee\/ru\/wp-json\/wp\/v2\/comments?post=105189"}],"wp:featuredmedia":[{"embeddable":true,"href":"https:\/\/automatic.ee\/ru\/wp-json\/wp\/v2\/media\/105186"}],"wp:attachment":[{"href":"https:\/\/automatic.ee\/ru\/wp-json\/wp\/v2\/media?parent=105189"}],"wp:term":[{"taxonomy":"product_brand","embeddable":true,"href":"https:\/\/automatic.ee\/ru\/wp-json\/wp\/v2\/product_brand?post=105189"},{"taxonomy":"product_cat","embeddable":true,"href":"https:\/\/automatic.ee\/ru\/wp-json\/wp\/v2\/product_cat?post=105189"},{"taxonomy":"product_tag","embeddable":true,"href":"https:\/\/automatic.ee\/ru\/wp-json\/wp\/v2\/product_tag?post=105189"}],"curies":[{"name":"wp","href":"https:\/\/api.w.org\/{rel}","templated":true}]}}