{"id":105161,"date":"2025-11-04T03:42:35","date_gmt":"2025-11-04T01:42:35","guid":{"rendered":"https:\/\/automatic.ee\/toode\/cera-tec-keraamiline-olilisand-300ml-liqui-moly\/"},"modified":"2025-11-04T03:42:35","modified_gmt":"2025-11-04T01:42:35","slug":"cera-tec-keraamiline-olilisand-300ml-liqui-moly","status":"publish","type":"product","link":"https:\/\/automatic.ee\/ru\/toode\/cera-tec-keraamiline-olilisand-300ml-liqui-moly\/","title":{"rendered":"CERA TEC keraamiline \u00f5lilisand 300ml LIQUI MOLY"},"content":{"rendered":"<p>Cera Tec v\u00e4hendab h\u00f5\u00f5rdumist ja kulumist t\u00e4nu keraamilistele mikroosakestele. Lisand hoiab \u00e4ra otsese metall\/metall kokkupuute, v\u00e4hendades h\u00f5\u00f5rdumisest tingitud kulumist. Cera Tec on segatav k\u00f5ikide turustatavate \u00f5lidega.<\/p>\n<p>LIQUI MOLY<\/p>\n<p>LM3721<\/p>\n","protected":false},"excerpt":{"rendered":"<p>LM3721<\/p>\n","protected":false},"featured_media":105158,"comment_status":"open","ping_status":"closed","template":"","meta":{"colormag_page_container_layout":"default_layout","colormag_page_sidebar_layout":"default_layout"},"product_brand":[],"product_cat":[108],"product_tag":[],"class_list":{"0":"post-105161","1":"product","2":"type-product","3":"status-publish","4":"has-post-thumbnail","6":"product_cat-misc","8":"first","9":"instock","10":"shipping-taxable","11":"purchasable","12":"product-type-simple"},"_links":{"self":[{"href":"https:\/\/automatic.ee\/ru\/wp-json\/wp\/v2\/product\/105161","targetHints":{"allow":["GET"]}}],"collection":[{"href":"https:\/\/automatic.ee\/ru\/wp-json\/wp\/v2\/product"}],"about":[{"href":"https:\/\/automatic.ee\/ru\/wp-json\/wp\/v2\/types\/product"}],"replies":[{"embeddable":true,"href":"https:\/\/automatic.ee\/ru\/wp-json\/wp\/v2\/comments?post=105161"}],"wp:featuredmedia":[{"embeddable":true,"href":"https:\/\/automatic.ee\/ru\/wp-json\/wp\/v2\/media\/105158"}],"wp:attachment":[{"href":"https:\/\/automatic.ee\/ru\/wp-json\/wp\/v2\/media?parent=105161"}],"wp:term":[{"taxonomy":"product_brand","embeddable":true,"href":"https:\/\/automatic.ee\/ru\/wp-json\/wp\/v2\/product_brand?post=105161"},{"taxonomy":"product_cat","embeddable":true,"href":"https:\/\/automatic.ee\/ru\/wp-json\/wp\/v2\/product_cat?post=105161"},{"taxonomy":"product_tag","embeddable":true,"href":"https:\/\/automatic.ee\/ru\/wp-json\/wp\/v2\/product_tag?post=105161"}],"curies":[{"name":"wp","href":"https:\/\/api.w.org\/{rel}","templated":true}]}}