{"id":105149,"date":"2025-11-04T03:42:21","date_gmt":"2025-11-04T01:42:21","guid":{"rendered":"https:\/\/automatic.ee\/toode\/biodiislilisand-1280-250ml\/"},"modified":"2025-11-04T03:42:21","modified_gmt":"2025-11-04T01:42:21","slug":"biodiislilisand-1280-250ml","status":"publish","type":"product","link":"https:\/\/automatic.ee\/ru\/toode\/biodiislilisand-1280-250ml\/","title":{"rendered":"BIODIISLILISAND 1:280 250ML"},"content":{"rendered":"<ul>\n<li>Sobib k\u00f5ikidele diiselmootoritele &#8212; nii tahmafiltriga, kui ka ilma.<\/li>\n<li>Sobib k\u00f5igi erinevate diislik\u00fctustega &#8212; tavadiisel, biodiisel ja taime\u00f5lidega.<\/li>\n<li>Puhastab tervet k\u00fctuses\u00fcsteemi, hoiab \u00e4ra pihusti n\u00f5elade kinni j\u00e4\u00e4mist, parandab k\u00fctuse p\u00f5lemisomadusi ja sellega v\u00e4hendab siis k\u00fctusekulu.<\/li>\n<li>Kaitseb korrosiooni eest k\u00fctuses\u00fcsteemis ja hoiab \u00e4ra k\u00fctuse vananemisel tekkinud j\u00e4\u00e4ke.<\/li>\n<li>250 ml k\u00fctuselisandit on piisav kuni 70 L k\u00fctusele (1:280).<\/li>\n<li>Soovitatav kasutusintervall on 2000 km.<\/li>\n<\/ul>\n","protected":false},"excerpt":{"rendered":"<p>LM3725 LIQUI MOLY<\/p>\n","protected":false},"featured_media":105146,"comment_status":"open","ping_status":"closed","template":"","meta":{"colormag_page_container_layout":"default_layout","colormag_page_sidebar_layout":"default_layout"},"product_brand":[],"product_cat":[108],"product_tag":[],"class_list":{"0":"post-105149","1":"product","2":"type-product","3":"status-publish","4":"has-post-thumbnail","6":"product_cat-misc","8":"first","9":"instock","10":"shipping-taxable","11":"purchasable","12":"product-type-simple"},"_links":{"self":[{"href":"https:\/\/automatic.ee\/ru\/wp-json\/wp\/v2\/product\/105149","targetHints":{"allow":["GET"]}}],"collection":[{"href":"https:\/\/automatic.ee\/ru\/wp-json\/wp\/v2\/product"}],"about":[{"href":"https:\/\/automatic.ee\/ru\/wp-json\/wp\/v2\/types\/product"}],"replies":[{"embeddable":true,"href":"https:\/\/automatic.ee\/ru\/wp-json\/wp\/v2\/comments?post=105149"}],"wp:featuredmedia":[{"embeddable":true,"href":"https:\/\/automatic.ee\/ru\/wp-json\/wp\/v2\/media\/105146"}],"wp:attachment":[{"href":"https:\/\/automatic.ee\/ru\/wp-json\/wp\/v2\/media?parent=105149"}],"wp:term":[{"taxonomy":"product_brand","embeddable":true,"href":"https:\/\/automatic.ee\/ru\/wp-json\/wp\/v2\/product_brand?post=105149"},{"taxonomy":"product_cat","embeddable":true,"href":"https:\/\/automatic.ee\/ru\/wp-json\/wp\/v2\/product_cat?post=105149"},{"taxonomy":"product_tag","embeddable":true,"href":"https:\/\/automatic.ee\/ru\/wp-json\/wp\/v2\/product_tag?post=105149"}],"curies":[{"name":"wp","href":"https:\/\/api.w.org\/{rel}","templated":true}]}}