{"id":105109,"date":"2025-11-04T03:41:39","date_gmt":"2025-11-04T01:41:39","guid":{"rendered":"https:\/\/automatic.ee\/toode\/bens-sissepritse-puhastuslisand-300ml-liqui-moly\/"},"modified":"2025-11-04T03:41:39","modified_gmt":"2025-11-04T01:41:39","slug":"bens-sissepritse-puhastuslisand-300ml-liqui-moly","status":"publish","type":"product","link":"https:\/\/automatic.ee\/ru\/toode\/bens-sissepritse-puhastuslisand-300ml-liqui-moly\/","title":{"rendered":"Bens. sissepritse puhastuslisand 300ml LIQUI MOLY"},"content":{"rendered":"<p>Eemaldab sissepritsesse, klappidele, k\u00fc\u00fcnaldele ja p\u00f5lemiskambritesse ladestuva saaste ja hoiab \u00e4ra selle tekke. H\u00f5lbustab k\u00e4ivitamist ja tagab mootori \u00fchtlase k\u00e4igu. Hooldus k\u00f5ikidele bensiini sissepritses\u00fcsteemi komponentidele. Kaitseb toites\u00fcsteemi tervikuna korrosiooni eest. Lisab erksust ja t\u00f5stab kompressiooni. Taastab heitmete normivastavuse ja mootori t\u00e4isj\u00f5udluse. Puhtad mootorid kulutavad v\u00e4hem k\u00fctust ja on v\u00e4hem saastavad.<\/p>\n<p>LIQUI MOLY<\/p>\n<p>LM5110<\/p>\n","protected":false},"excerpt":{"rendered":"<p>LM5110<\/p>\n","protected":false},"featured_media":105106,"comment_status":"open","ping_status":"closed","template":"","meta":{"colormag_page_container_layout":"default_layout","colormag_page_sidebar_layout":"default_layout"},"product_brand":[],"product_cat":[108],"product_tag":[],"class_list":{"0":"post-105109","1":"product","2":"type-product","3":"status-publish","4":"has-post-thumbnail","6":"product_cat-misc","8":"first","9":"instock","10":"shipping-taxable","11":"purchasable","12":"product-type-simple"},"_links":{"self":[{"href":"https:\/\/automatic.ee\/ru\/wp-json\/wp\/v2\/product\/105109","targetHints":{"allow":["GET"]}}],"collection":[{"href":"https:\/\/automatic.ee\/ru\/wp-json\/wp\/v2\/product"}],"about":[{"href":"https:\/\/automatic.ee\/ru\/wp-json\/wp\/v2\/types\/product"}],"replies":[{"embeddable":true,"href":"https:\/\/automatic.ee\/ru\/wp-json\/wp\/v2\/comments?post=105109"}],"wp:featuredmedia":[{"embeddable":true,"href":"https:\/\/automatic.ee\/ru\/wp-json\/wp\/v2\/media\/105106"}],"wp:attachment":[{"href":"https:\/\/automatic.ee\/ru\/wp-json\/wp\/v2\/media?parent=105109"}],"wp:term":[{"taxonomy":"product_brand","embeddable":true,"href":"https:\/\/automatic.ee\/ru\/wp-json\/wp\/v2\/product_brand?post=105109"},{"taxonomy":"product_cat","embeddable":true,"href":"https:\/\/automatic.ee\/ru\/wp-json\/wp\/v2\/product_cat?post=105109"},{"taxonomy":"product_tag","embeddable":true,"href":"https:\/\/automatic.ee\/ru\/wp-json\/wp\/v2\/product_tag?post=105109"}],"curies":[{"name":"wp","href":"https:\/\/api.w.org\/{rel}","templated":true}]}}