{"id":105093,"date":"2025-11-04T03:41:20","date_gmt":"2025-11-04T01:41:20","guid":{"rendered":"https:\/\/automatic.ee\/toode\/atf-lisand-rooliajamitele-ja-automaatkaigukastidele-%d0%b4%d0%bb%d1%8f-%d1%80%d1%83%d0%bb%d0%b5%d0%b2%d1%8b%d1%85-%d0%bc%d0%b5%d1%85%d0%b0%d0%bd%d0%b8%d0%b7%d0%bc%d0%be%d0%b2-%d0%b8-%d0%b0%d0%b2%d1%82\/"},"modified":"2025-11-04T03:41:20","modified_gmt":"2025-11-04T01:41:20","slug":"atf-lisand-rooliajamitele-ja-automaatkaigukastidele-%d0%b4%d0%bb%d1%8f-%d1%80%d1%83%d0%bb%d0%b5%d0%b2%d1%8b%d1%85-%d0%bc%d0%b5%d1%85%d0%b0%d0%bd%d0%b8%d0%b7%d0%bc%d0%be%d0%b2-%d0%b8-%d0%b0%d0%b2%d1%82","status":"publish","type":"product","link":"https:\/\/automatic.ee\/ru\/toode\/atf-lisand-rooliajamitele-ja-automaatkaigukastidele-%d0%b4%d0%bb%d1%8f-%d1%80%d1%83%d0%bb%d0%b5%d0%b2%d1%8b%d1%85-%d0%bc%d0%b5%d1%85%d0%b0%d0%bd%d0%b8%d0%b7%d0%bc%d0%be%d0%b2-%d0%b8-%d0%b0%d0%b2%d1%82\/","title":{"rendered":"ATF LISAND Rooliajamitele ja automaatk\u00e4igukastidele \u0414\u043b\u044f \u0440\u0443\u043b\u0435\u0432\u044b\u0445 \u043c\u0435\u0445\u0430\u043d\u0438\u0437\u043c\u043e\u0432 \u0438 \u0430\u0432\u0442\u043e\u043c\u0430\u0442. \u043a\u043e\u0440\u043e\u0431\u043e\u043a 250ml"},"content":{"rendered":"<p>Taastab plast- ning kummitihendeid roolilattides ning automaatk\u00e4igukastides. V\u00e4hendab ning peatab k\u00f5vaks v\u00f5i rabedaks muutunud tihendite poolt p\u00f5hjustatud lekkeid. Puhastab avad ning kanalid \u00fclekannetes ning v\u00f5imaldab \u00f5lile tingimused, milles ilmnevad selle parimad toimeomadused. V\u00e4hendab m\u00fcrateket ning parandab k\u00e4iguvahetust automaatk\u00e4igukastides. Pikendab roolilattide ning automaatk\u00e4igukastide k\u00e4itusressurssi.<\/p>\n","protected":false},"excerpt":{"rendered":"<p>LM5135 LIQUI MOLY<\/p>\n","protected":false},"featured_media":105090,"comment_status":"open","ping_status":"closed","template":"","meta":{"colormag_page_container_layout":"default_layout","colormag_page_sidebar_layout":"default_layout"},"product_brand":[],"product_cat":[108],"product_tag":[],"class_list":{"0":"post-105093","1":"product","2":"type-product","3":"status-publish","4":"has-post-thumbnail","6":"product_cat-misc","8":"first","9":"instock","10":"shipping-taxable","11":"purchasable","12":"product-type-simple"},"_links":{"self":[{"href":"https:\/\/automatic.ee\/ru\/wp-json\/wp\/v2\/product\/105093","targetHints":{"allow":["GET"]}}],"collection":[{"href":"https:\/\/automatic.ee\/ru\/wp-json\/wp\/v2\/product"}],"about":[{"href":"https:\/\/automatic.ee\/ru\/wp-json\/wp\/v2\/types\/product"}],"replies":[{"embeddable":true,"href":"https:\/\/automatic.ee\/ru\/wp-json\/wp\/v2\/comments?post=105093"}],"wp:featuredmedia":[{"embeddable":true,"href":"https:\/\/automatic.ee\/ru\/wp-json\/wp\/v2\/media\/105090"}],"wp:attachment":[{"href":"https:\/\/automatic.ee\/ru\/wp-json\/wp\/v2\/media?parent=105093"}],"wp:term":[{"taxonomy":"product_brand","embeddable":true,"href":"https:\/\/automatic.ee\/ru\/wp-json\/wp\/v2\/product_brand?post=105093"},{"taxonomy":"product_cat","embeddable":true,"href":"https:\/\/automatic.ee\/ru\/wp-json\/wp\/v2\/product_cat?post=105093"},{"taxonomy":"product_tag","embeddable":true,"href":"https:\/\/automatic.ee\/ru\/wp-json\/wp\/v2\/product_tag?post=105093"}],"curies":[{"name":"wp","href":"https:\/\/api.w.org\/{rel}","templated":true}]}}