{"id":105089,"date":"2025-11-04T03:41:17","date_gmt":"2025-11-04T01:41:17","guid":{"rendered":"https:\/\/automatic.ee\/toode\/lisaaine-kutusesusteemi-kaitsmiseks-diisel-250ml\/"},"modified":"2025-11-04T03:41:17","modified_gmt":"2025-11-04T01:41:17","slug":"lisaaine-kutusesusteemi-kaitsmiseks-diisel-250ml","status":"publish","type":"product","link":"https:\/\/automatic.ee\/ru\/toode\/lisaaine-kutusesusteemi-kaitsmiseks-diisel-250ml\/","title":{"rendered":"LISAAINE K\u00dcTUSES\u00dcSTEEMI KAITSMISEKS (DIISEL) 250ml"},"content":{"rendered":"<p>Autovitamiin, mis on loodud peamiselt \u00fchisanum-sissepritse ja\/v\u00f5i pump-pihustitega diiselmootoritele, kaitsmaks nende toites\u00fcsteemi osi kulumise, korrosiooni ja j\u00e4\u00e4kainete ladestumise eest. Parandab diiselk\u00fctuse m\u00e4\u00e4rimisomadusi ning pikendab tahmafiltri (DPF) t\u00f6\u00f6iga, sobides seega ideaalselt kasutamiseks l\u00fchikesi otsi tegevates linnas\u00f5idukites<\/p>\n<p>LIQUI MOLY<\/p>\n<p>LM5139<\/p>\n","protected":false},"excerpt":{"rendered":"<p>LM5139 LIQUI MOLY<\/p>\n","protected":false},"featured_media":105086,"comment_status":"open","ping_status":"closed","template":"","meta":{"colormag_page_container_layout":"default_layout","colormag_page_sidebar_layout":"default_layout"},"product_brand":[],"product_cat":[108],"product_tag":[],"class_list":{"0":"post-105089","1":"product","2":"type-product","3":"status-publish","4":"has-post-thumbnail","6":"product_cat-misc","8":"first","9":"instock","10":"shipping-taxable","11":"purchasable","12":"product-type-simple"},"_links":{"self":[{"href":"https:\/\/automatic.ee\/ru\/wp-json\/wp\/v2\/product\/105089","targetHints":{"allow":["GET"]}}],"collection":[{"href":"https:\/\/automatic.ee\/ru\/wp-json\/wp\/v2\/product"}],"about":[{"href":"https:\/\/automatic.ee\/ru\/wp-json\/wp\/v2\/types\/product"}],"replies":[{"embeddable":true,"href":"https:\/\/automatic.ee\/ru\/wp-json\/wp\/v2\/comments?post=105089"}],"wp:featuredmedia":[{"embeddable":true,"href":"https:\/\/automatic.ee\/ru\/wp-json\/wp\/v2\/media\/105086"}],"wp:attachment":[{"href":"https:\/\/automatic.ee\/ru\/wp-json\/wp\/v2\/media?parent=105089"}],"wp:term":[{"taxonomy":"product_brand","embeddable":true,"href":"https:\/\/automatic.ee\/ru\/wp-json\/wp\/v2\/product_brand?post=105089"},{"taxonomy":"product_cat","embeddable":true,"href":"https:\/\/automatic.ee\/ru\/wp-json\/wp\/v2\/product_cat?post=105089"},{"taxonomy":"product_tag","embeddable":true,"href":"https:\/\/automatic.ee\/ru\/wp-json\/wp\/v2\/product_tag?post=105089"}],"curies":[{"name":"wp","href":"https:\/\/api.w.org\/{rel}","templated":true}]}}