{"id":105085,"date":"2025-11-04T03:41:13","date_gmt":"2025-11-04T01:41:13","guid":{"rendered":"https:\/\/automatic.ee\/toode\/dpf-puhastus-ja-kaitselisand-250ml\/"},"modified":"2025-11-04T03:41:13","modified_gmt":"2025-11-04T01:41:13","slug":"dpf-puhastus-ja-kaitselisand-250ml","status":"publish","type":"product","link":"https:\/\/automatic.ee\/ru\/toode\/dpf-puhastus-ja-kaitselisand-250ml\/","title":{"rendered":"DPF puhastus- ja kaitselisand 250ml"},"content":{"rendered":"<p>\u00dclit\u00f5hus lisand, mis piirab tahmaosakeste hulka ja suurendab seel\u00e4bi diislik\u00fctuse k\u00fcbemefiltri k\u00e4itusressurssi. K\u00fcbemefiltri ummistumine puudutab eelk\u00f5ige s\u00f5idukeid, millega s\u00f5idetakse peaasjalikult linnas v\u00f5i l\u00e4bitakse \u00fcksnes l\u00fchikesi vahemaid. Regulaarne kasutamine hoiab k\u00fcbemefiltri puhtana, millega v\u00e4lditakse kulukate remontt\u00f6\u00f6de teostamise vajadust ja seisakuid masina t\u00f6\u00f6s. Diisli k\u00fcbemefiltri kaitsevahend tagab k\u00fctuse optimaalse p\u00f5lemise ja v\u00e4hendab tekkivate osakeste hulka. \u00dchtlasi v\u00e4hendab see ka heitgaaside hulka.<\/p>\n<p>LIQUI MOLY<\/p>\n<p>LM5148<\/p>\n","protected":false},"excerpt":{"rendered":"<p>LM5148 LIQUI MOLY<\/p>\n","protected":false},"featured_media":105082,"comment_status":"open","ping_status":"closed","template":"","meta":{"colormag_page_container_layout":"default_layout","colormag_page_sidebar_layout":"default_layout"},"product_brand":[],"product_cat":[108],"product_tag":[],"class_list":{"0":"post-105085","1":"product","2":"type-product","3":"status-publish","4":"has-post-thumbnail","6":"product_cat-misc","8":"first","9":"instock","10":"shipping-taxable","11":"purchasable","12":"product-type-simple"},"_links":{"self":[{"href":"https:\/\/automatic.ee\/ru\/wp-json\/wp\/v2\/product\/105085","targetHints":{"allow":["GET"]}}],"collection":[{"href":"https:\/\/automatic.ee\/ru\/wp-json\/wp\/v2\/product"}],"about":[{"href":"https:\/\/automatic.ee\/ru\/wp-json\/wp\/v2\/types\/product"}],"replies":[{"embeddable":true,"href":"https:\/\/automatic.ee\/ru\/wp-json\/wp\/v2\/comments?post=105085"}],"wp:featuredmedia":[{"embeddable":true,"href":"https:\/\/automatic.ee\/ru\/wp-json\/wp\/v2\/media\/105082"}],"wp:attachment":[{"href":"https:\/\/automatic.ee\/ru\/wp-json\/wp\/v2\/media?parent=105085"}],"wp:term":[{"taxonomy":"product_brand","embeddable":true,"href":"https:\/\/automatic.ee\/ru\/wp-json\/wp\/v2\/product_brand?post=105085"},{"taxonomy":"product_cat","embeddable":true,"href":"https:\/\/automatic.ee\/ru\/wp-json\/wp\/v2\/product_cat?post=105085"},{"taxonomy":"product_tag","embeddable":true,"href":"https:\/\/automatic.ee\/ru\/wp-json\/wp\/v2\/product_tag?post=105085"}],"curies":[{"name":"wp","href":"https:\/\/api.w.org\/{rel}","templated":true}]}}