{"id":105073,"date":"2025-11-04T03:40:57","date_gmt":"2025-11-04T01:40:57","guid":{"rendered":"https:\/\/automatic.ee\/toode\/diiselkutuselisand-speed-1400-1l\/"},"modified":"2025-11-04T03:40:57","modified_gmt":"2025-11-04T01:40:57","slug":"diiselkutuselisand-speed-1400-1l","status":"publish","type":"product","link":"https:\/\/automatic.ee\/ru\/toode\/diiselkutuselisand-speed-1400-1l\/","title":{"rendered":"Diiselk\u00fctuselisand SPEED 1:400 1L"},"content":{"rendered":"<p>Eemaldab diisli sissepritses\u00fcsteemist ja p\u00f5lemiskambrist sinna ladestunud j\u00e4\u00e4kained ning takistab uute j\u00e4\u00e4kainete ladestumist. Hoiab pihustin\u00f5elad korras. Tagab mootori pehme t\u00f6\u00f6. Hoiab \u00e4ra kulumise ning korrosiooni tekke kogu toites\u00fcsteemi ulatuses. T\u00f5stab mootori suutlikkust. Puhtad mootorid kulutavad v\u00e4hem k\u00fctust ja toodavad v\u00e4hem heitgaase.<\/p>\n","protected":false},"excerpt":{"rendered":"<p>LM5160 LIQUI MOLY<\/p>\n","protected":false},"featured_media":105070,"comment_status":"open","ping_status":"closed","template":"","meta":{"colormag_page_container_layout":"default_layout","colormag_page_sidebar_layout":"default_layout"},"product_brand":[],"product_cat":[108],"product_tag":[],"class_list":{"0":"post-105073","1":"product","2":"type-product","3":"status-publish","4":"has-post-thumbnail","6":"product_cat-misc","8":"first","9":"instock","10":"shipping-taxable","11":"purchasable","12":"product-type-simple"},"_links":{"self":[{"href":"https:\/\/automatic.ee\/ru\/wp-json\/wp\/v2\/product\/105073","targetHints":{"allow":["GET"]}}],"collection":[{"href":"https:\/\/automatic.ee\/ru\/wp-json\/wp\/v2\/product"}],"about":[{"href":"https:\/\/automatic.ee\/ru\/wp-json\/wp\/v2\/types\/product"}],"replies":[{"embeddable":true,"href":"https:\/\/automatic.ee\/ru\/wp-json\/wp\/v2\/comments?post=105073"}],"wp:featuredmedia":[{"embeddable":true,"href":"https:\/\/automatic.ee\/ru\/wp-json\/wp\/v2\/media\/105070"}],"wp:attachment":[{"href":"https:\/\/automatic.ee\/ru\/wp-json\/wp\/v2\/media?parent=105073"}],"wp:term":[{"taxonomy":"product_brand","embeddable":true,"href":"https:\/\/automatic.ee\/ru\/wp-json\/wp\/v2\/product_brand?post=105073"},{"taxonomy":"product_cat","embeddable":true,"href":"https:\/\/automatic.ee\/ru\/wp-json\/wp\/v2\/product_cat?post=105073"},{"taxonomy":"product_tag","embeddable":true,"href":"https:\/\/automatic.ee\/ru\/wp-json\/wp\/v2\/product_tag?post=105073"}],"curies":[{"name":"wp","href":"https:\/\/api.w.org\/{rel}","templated":true}]}}