{"id":105045,"date":"2025-11-04T03:40:24","date_gmt":"2025-11-04T01:40:24","guid":{"rendered":"https:\/\/automatic.ee\/toode\/mootori-sisepesulisand-300ml-150-300km\/"},"modified":"2025-11-04T03:40:24","modified_gmt":"2025-11-04T01:40:24","slug":"mootori-sisepesulisand-300ml-150-300km","status":"publish","type":"product","link":"https:\/\/automatic.ee\/ru\/toode\/mootori-sisepesulisand-300ml-150-300km\/","title":{"rendered":"Mootori sisepesulisand 300ml (150-300km)"},"content":{"rendered":"<p>Ideaalne lahendus mootori seesmiseks puhastamiseks. Peseb maha vana \u00f5li nagu ka muu mustuse ja j\u00e4\u00e4gid. Suurendab mootori t\u00f6\u00f6kindlust ja hoiab \u00e4ra puuduliku m\u00e4\u00e4rimise. Puhastab s\u00f6\u00f6vitamata m\u00e4\u00e4rimisavad, \u00f5lis\u00f5elad, kolvir\u00f5ngaste sooned ja \u00f5likanalid, millega hoitakse \u00e4ra mootori v\u00f5imalikud kahjustused.<\/p>\n<p>LIQUI MOLY<\/p>\n<p>LM5200<\/p>\n","protected":false},"excerpt":{"rendered":"<p>LM5200 LIQUI MOLY<\/p>\n","protected":false},"featured_media":105042,"comment_status":"open","ping_status":"closed","template":"","meta":{"colormag_page_container_layout":"default_layout","colormag_page_sidebar_layout":"default_layout"},"product_brand":[],"product_cat":[108],"product_tag":[],"class_list":{"0":"post-105045","1":"product","2":"type-product","3":"status-publish","4":"has-post-thumbnail","6":"product_cat-misc","8":"first","9":"instock","10":"shipping-taxable","11":"purchasable","12":"product-type-simple"},"_links":{"self":[{"href":"https:\/\/automatic.ee\/ru\/wp-json\/wp\/v2\/product\/105045","targetHints":{"allow":["GET"]}}],"collection":[{"href":"https:\/\/automatic.ee\/ru\/wp-json\/wp\/v2\/product"}],"about":[{"href":"https:\/\/automatic.ee\/ru\/wp-json\/wp\/v2\/types\/product"}],"replies":[{"embeddable":true,"href":"https:\/\/automatic.ee\/ru\/wp-json\/wp\/v2\/comments?post=105045"}],"wp:featuredmedia":[{"embeddable":true,"href":"https:\/\/automatic.ee\/ru\/wp-json\/wp\/v2\/media\/105042"}],"wp:attachment":[{"href":"https:\/\/automatic.ee\/ru\/wp-json\/wp\/v2\/media?parent=105045"}],"wp:term":[{"taxonomy":"product_brand","embeddable":true,"href":"https:\/\/automatic.ee\/ru\/wp-json\/wp\/v2\/product_brand?post=105045"},{"taxonomy":"product_cat","embeddable":true,"href":"https:\/\/automatic.ee\/ru\/wp-json\/wp\/v2\/product_cat?post=105045"},{"taxonomy":"product_tag","embeddable":true,"href":"https:\/\/automatic.ee\/ru\/wp-json\/wp\/v2\/product_tag?post=105045"}],"curies":[{"name":"wp","href":"https:\/\/api.w.org\/{rel}","templated":true}]}}