{"id":104609,"date":"2025-11-04T03:32:50","date_gmt":"2025-11-04T01:32:50","guid":{"rendered":"https:\/\/automatic.ee\/toode\/seeker-quantum-led\/"},"modified":"2025-11-04T03:32:50","modified_gmt":"2025-11-04T01:32:50","slug":"seeker-quantum-led","status":"publish","type":"product","link":"https:\/\/automatic.ee\/ru\/toode\/seeker-quantum-led\/","title":{"rendered":"SEEKER\u00ae Quantum LED"},"content":{"rendered":"<p>SEEKER\u00ae Quantum LED &#8212; \u00e4\u00e4rmiselt v\u00f5imas 9&#8243; LED kaugtulepaneel koos park- \/ p\u00e4vatulega<\/p>\n","protected":false},"excerpt":{"rendered":"<p>NS2070<\/p>\n","protected":false},"featured_media":104606,"comment_status":"open","ping_status":"closed","template":"","meta":{"colormag_page_container_layout":"default_layout","colormag_page_sidebar_layout":"default_layout"},"product_brand":[],"product_cat":[119],"product_tag":[],"class_list":{"0":"post-104609","1":"product","2":"type-product","3":"status-publish","4":"has-post-thumbnail","6":"product_cat-lisatuled-led","8":"first","9":"instock","10":"shipping-taxable","11":"purchasable","12":"product-type-simple"},"_links":{"self":[{"href":"https:\/\/automatic.ee\/ru\/wp-json\/wp\/v2\/product\/104609","targetHints":{"allow":["GET"]}}],"collection":[{"href":"https:\/\/automatic.ee\/ru\/wp-json\/wp\/v2\/product"}],"about":[{"href":"https:\/\/automatic.ee\/ru\/wp-json\/wp\/v2\/types\/product"}],"replies":[{"embeddable":true,"href":"https:\/\/automatic.ee\/ru\/wp-json\/wp\/v2\/comments?post=104609"}],"wp:featuredmedia":[{"embeddable":true,"href":"https:\/\/automatic.ee\/ru\/wp-json\/wp\/v2\/media\/104606"}],"wp:attachment":[{"href":"https:\/\/automatic.ee\/ru\/wp-json\/wp\/v2\/media?parent=104609"}],"wp:term":[{"taxonomy":"product_brand","embeddable":true,"href":"https:\/\/automatic.ee\/ru\/wp-json\/wp\/v2\/product_brand?post=104609"},{"taxonomy":"product_cat","embeddable":true,"href":"https:\/\/automatic.ee\/ru\/wp-json\/wp\/v2\/product_cat?post=104609"},{"taxonomy":"product_tag","embeddable":true,"href":"https:\/\/automatic.ee\/ru\/wp-json\/wp\/v2\/product_tag?post=104609"}],"curies":[{"name":"wp","href":"https:\/\/api.w.org\/{rel}","templated":true}]}}