{"id":104605,"date":"2025-11-04T03:32:45","date_gmt":"2025-11-04T01:32:45","guid":{"rendered":"https:\/\/automatic.ee\/toode\/x-vision-genesis-ii-600-hubriidtuli\/"},"modified":"2025-11-04T03:32:45","modified_gmt":"2025-11-04T01:32:45","slug":"x-vision-genesis-ii-600-hubriidtuli","status":"publish","type":"product","link":"https:\/\/automatic.ee\/ru\/toode\/x-vision-genesis-ii-600-hubriidtuli\/","title":{"rendered":"X-Vision Genesis II 600 h\u00fcbriidtuli"},"content":{"rendered":"<p>Genesis II on v\u00e4ga populaarse X-Vision Genesis sarja uus areng. Selle tooteperekonna uustulnukad toovad kaasa uued valgusmustri ja v\u00e4rske kujunduse v\u00f5imalused. Genesis II seeria tuled on raamita sirged Led-lisatulepaneelid koos heledate Gemstone-i parktuledega, mis on paigutatud s\u00f5idutule moodulite vahele.<\/p>\n<div><strong>Genesis 600<span class=\"redactor-invisible-space\"> II<\/span> tuled on \u00fches versioonis saadaval ka koos soojendatava objektiiviga.<\/strong> Esimese p\u00f5lvkonna Genesis tulede silma s\u00f5bralik v\u00e4rvitemperatuur on uute tulede peamine omadus. Genesis II on saadaval neljas suuruses 600, 800, 1100 ja 1300 mm. K\u00f5igil versioonidel on nii punkt- kui ka h\u00fcbriidvalikud ja Double Up funktsioon. Genesis II on varustatud pika kaabli, mitmek\u00fclgsete kinnitusvalikutega ja pika X-Visioni <strong>5-aastase garantiiga<\/strong>.<\/div>\n<div>Valgusentusiastide ja professionaalsete autojuhtide ootused on Genesis II seeria kujundamisel olnud nurgakivi. Need tuled on ideaalne valik nii professionaalidele, n\u00f5udlikele harrastajatele ja loomulikult ka k\u00f5igile teistele soovijatele hea n\u00e4htavuse ja ohutuse tagamiseks.<\/div>\n<div>Funktsioon DOUBLE UP on m\u00f5eldud ainult maastikul kasutamiseks.<\/div>\n<div><\/div>\n","protected":false},"excerpt":{"rendered":"<p>NS3741<\/p>\n","protected":false},"featured_media":104602,"comment_status":"open","ping_status":"closed","template":"","meta":{"colormag_page_container_layout":"default_layout","colormag_page_sidebar_layout":"default_layout"},"product_brand":[],"product_cat":[119],"product_tag":[],"class_list":{"0":"post-104605","1":"product","2":"type-product","3":"status-publish","4":"has-post-thumbnail","6":"product_cat-lisatuled-led","8":"first","9":"instock","10":"shipping-taxable","11":"purchasable","12":"product-type-simple"},"_links":{"self":[{"href":"https:\/\/automatic.ee\/ru\/wp-json\/wp\/v2\/product\/104605","targetHints":{"allow":["GET"]}}],"collection":[{"href":"https:\/\/automatic.ee\/ru\/wp-json\/wp\/v2\/product"}],"about":[{"href":"https:\/\/automatic.ee\/ru\/wp-json\/wp\/v2\/types\/product"}],"replies":[{"embeddable":true,"href":"https:\/\/automatic.ee\/ru\/wp-json\/wp\/v2\/comments?post=104605"}],"wp:featuredmedia":[{"embeddable":true,"href":"https:\/\/automatic.ee\/ru\/wp-json\/wp\/v2\/media\/104602"}],"wp:attachment":[{"href":"https:\/\/automatic.ee\/ru\/wp-json\/wp\/v2\/media?parent=104605"}],"wp:term":[{"taxonomy":"product_brand","embeddable":true,"href":"https:\/\/automatic.ee\/ru\/wp-json\/wp\/v2\/product_brand?post=104605"},{"taxonomy":"product_cat","embeddable":true,"href":"https:\/\/automatic.ee\/ru\/wp-json\/wp\/v2\/product_cat?post=104605"},{"taxonomy":"product_tag","embeddable":true,"href":"https:\/\/automatic.ee\/ru\/wp-json\/wp\/v2\/product_tag?post=104605"}],"curies":[{"name":"wp","href":"https:\/\/api.w.org\/{rel}","templated":true}]}}