{"id":104569,"date":"2025-11-04T03:32:06","date_gmt":"2025-11-04T01:32:06","guid":{"rendered":"https:\/\/automatic.ee\/toode\/w-light-impulse-iii\/"},"modified":"2025-11-04T03:32:06","modified_gmt":"2025-11-04T01:32:06","slug":"w-light-impulse-iii","status":"publish","type":"product","link":"https:\/\/automatic.ee\/ru\/toode\/w-light-impulse-iii\/","title":{"rendered":"W-Light Impulse III"},"content":{"rendered":"<p>Pakendi suurus: 1\/6<\/p>\n<p>M\u00f5\u00f5tmed: 527.00 x 57.00 x 75.00mm<\/p>\n<p>Kaal: 2.55kg (net 2.55kg)<\/p>\n<p>T\u00fc\u00fcp: Ref. 2 x 40<\/p>\n<p>Pinge: 10-32V<\/p>\n<p>Lumenid: 15120 lm<\/p>\n<p>Lumenid (m\u00f5\u00f5detud): 11400 lm<\/p>\n<p>Vorm: Riba<\/p>\n<p>V\u00e4rvitemperatuur: 5000 K<\/p>\n<p>Pistiku t\u00fc\u00fcp: 2-pin DT<\/p>\n<p>Juhtme pikkus: 2,20 m<\/p>\n<p>Korpuse materjal: Alumiinium<\/p>\n<p>L\u00e4\u00e4tse materjal: Pol\u00fckarbonaat<\/p>\n<p>Sertifikaadid: R10, R112<\/p>\n<p>Mudeli nimi: Impulse III<\/p>\n<p>Kirjeldus: W-Light Impulse III, W-Light Impulse III on \u00e4\u00e4rmiselt v\u00f5imas kaugtule paneel. Kompaktne, kuid valgusk\u00fcllane lisatuli v\u00f5imaldab optimaalset, \u00fchtlast valgusvihku. 1Lux kilomeetri pealt teeb selle tule oma kategooria v\u00f5imsaimaks. Tulel on suurep\u00e4rane v\u00e4rviindeks ja v\u00e4rvitemperatuur, mis teevad tule valguse silmale meeldivaks.Tulel on erinevad paigaldamisv\u00f5imalused ning pikk voolukaabel v\u00f5imaldab panna pistiku ohutusse kohta.&#187;Plug&amp;Drive&#187; juhtmestikuga (1605-WK031) on paigaldamine imelihtne. V\u00f5imalikud paigaldused: k\u00fclg, alumine, \u00fclemine. 36 x Osram LED, 15120lm teoreetiline\/ 11400lm testitud, 5000K, 1 lux @ 549m, voolutarve: 9,6A @ 13.7V, 220cm juhe, 2-p. DT-pistik, R112, ref. 2&#215;40, R10<\/p>\n","protected":false},"excerpt":{"rendered":"<p>NS3843<\/p>\n","protected":false},"featured_media":104566,"comment_status":"open","ping_status":"closed","template":"","meta":{"colormag_page_container_layout":"default_layout","colormag_page_sidebar_layout":"default_layout"},"product_brand":[],"product_cat":[119],"product_tag":[],"class_list":{"0":"post-104569","1":"product","2":"type-product","3":"status-publish","4":"has-post-thumbnail","6":"product_cat-lisatuled-led","8":"first","9":"instock","10":"shipping-taxable","11":"purchasable","12":"product-type-simple"},"_links":{"self":[{"href":"https:\/\/automatic.ee\/ru\/wp-json\/wp\/v2\/product\/104569","targetHints":{"allow":["GET"]}}],"collection":[{"href":"https:\/\/automatic.ee\/ru\/wp-json\/wp\/v2\/product"}],"about":[{"href":"https:\/\/automatic.ee\/ru\/wp-json\/wp\/v2\/types\/product"}],"replies":[{"embeddable":true,"href":"https:\/\/automatic.ee\/ru\/wp-json\/wp\/v2\/comments?post=104569"}],"wp:featuredmedia":[{"embeddable":true,"href":"https:\/\/automatic.ee\/ru\/wp-json\/wp\/v2\/media\/104566"}],"wp:attachment":[{"href":"https:\/\/automatic.ee\/ru\/wp-json\/wp\/v2\/media?parent=104569"}],"wp:term":[{"taxonomy":"product_brand","embeddable":true,"href":"https:\/\/automatic.ee\/ru\/wp-json\/wp\/v2\/product_brand?post=104569"},{"taxonomy":"product_cat","embeddable":true,"href":"https:\/\/automatic.ee\/ru\/wp-json\/wp\/v2\/product_cat?post=104569"},{"taxonomy":"product_tag","embeddable":true,"href":"https:\/\/automatic.ee\/ru\/wp-json\/wp\/v2\/product_tag?post=104569"}],"curies":[{"name":"wp","href":"https:\/\/api.w.org\/{rel}","templated":true}]}}