{"id":104557,"date":"2025-11-04T03:31:57","date_gmt":"2025-11-04T01:31:57","guid":{"rendered":"https:\/\/automatic.ee\/toode\/1500a-liitium-kaivitusabi-osram-akupank-13000mah-%d1%81%d1%80%d0%b5%d0%b4%d1%81%d1%82%d0%b2%d0%be-%d0%b4%d0%bb%d1%8f-%d0%b7%d0%b0%d0%bf%d1%83%d1%81%d0%ba%d0%b0-%d0%b4%d0%b2%d0%b8%d0%b3%d0%b0%d1%82\/"},"modified":"2025-11-04T03:31:57","modified_gmt":"2025-11-04T01:31:57","slug":"1500a-liitium-kaivitusabi-osram-akupank-13000mah-%d1%81%d1%80%d0%b5%d0%b4%d1%81%d1%82%d0%b2%d0%be-%d0%b4%d0%bb%d1%8f-%d0%b7%d0%b0%d0%bf%d1%83%d1%81%d0%ba%d0%b0-%d0%b4%d0%b2%d0%b8%d0%b3%d0%b0%d1%82","status":"publish","type":"product","link":"https:\/\/automatic.ee\/ru\/toode\/1500a-liitium-kaivitusabi-osram-akupank-13000mah-%d1%81%d1%80%d0%b5%d0%b4%d1%81%d1%82%d0%b2%d0%be-%d0%b4%d0%bb%d1%8f-%d0%b7%d0%b0%d0%bf%d1%83%d1%81%d0%ba%d0%b0-%d0%b4%d0%b2%d0%b8%d0%b3%d0%b0%d1%82\/","title":{"rendered":"1500A liitium k\u00e4ivitusabi OSRAM \/ akupank 13000mAh \u0421\u0440\u0435\u0434\u0441\u0442\u0432\u043e \u0434\u043b\u044f \u0437\u0430\u043f\u0443\u0441\u043a\u0430 \u0434\u0432\u0438\u0433\u0430\u0442\u0435\u043b\u044f OSRAM"},"content":{"rendered":"<p>Osrami kompaktne BATTERYstart 300 liitium k\u00e4ivitusabi koos akupanga funktsiooniga v\u00e4ikestele ja keskmistele 12V s\u00f5idukitele. Sobib kuni 6L bensiinimootorile ja 3L diiselmootorile.<\/p>\n<ul>\n<li>13000mAh aku<\/li>\n<li>Akupanga funktsioon 2 x USB toiteauguga<\/li>\n<li>Laadimisaeg 3h<\/li>\n<li>Intelligentsed klambrid, mis hoiavad ohutut \u00fchendust k\u00e4ivitusabi ja s\u00f5iduki vahel ja kaitsevad p\u00f6\u00f6rdpolaarsuse ja l\u00fchise eest.<\/li>\n<li>Polaarsuskaitse ja s\u00e4demete tekke kaitse<\/li>\n<li>LED taskulambi funktsioon<\/li>\n<li>Kaasas on hoiukott<\/li>\n<\/ul>\n<p>Lisaks ere LED-taskulambi funktsioon  ja toitepanga funktsioon, mis v\u00f5imaldab laadida elektroonikaseadmeid liikvel olles \u2013 \u00fchendage lihtsalt USB-laadija ja akupank hakkab t\u00f6\u00f6le.<\/p>\n<p>USB pesad 2.1A &#8212; 2tk<\/p>\n<p>Aku t\u00fc\u00fcp LiCoO2 V\u00f5imas 13 000 mAh liitiumkoobalt aku<\/p>\n<p>Laadimist\u00fc\u00fcp Micro-USB<\/p>\n<p>Laadimisaeg 3h<\/p>\n<p>M\u00f5\u00f5dud 214 mm x 132 mm x 96 mm<\/p>\n<p>Elektrooniliste seadmete, sealhulgas nutitelefonide ja tahvelarvutite laadimine<\/p>\n<p>Usb 5V, 2.4A \/ 9V, 2.0A \/ 12V, 1.5A<\/p>\n<p>T\u00f6\u00f6temperatuur -20\u00b0C&#8230;40\u00b0C<\/p>\n<p>K\u00e4ivitab 12V WET, geel, MF, EFB, AGM ja tavalisi pliihappe akusid.<\/p>\n<p>Kaal 0.848kg<\/p>\n","protected":false},"excerpt":{"rendered":"<p>OBSL300<\/p>\n","protected":false},"featured_media":104554,"comment_status":"open","ping_status":"closed","template":"","meta":{"colormag_page_container_layout":"default_layout","colormag_page_sidebar_layout":"default_layout"},"product_brand":[],"product_cat":[159],"product_tag":[],"class_list":{"0":"post-104557","1":"product","2":"type-product","3":"status-publish","4":"has-post-thumbnail","6":"product_cat-kaivitusabi","8":"first","9":"instock","10":"shipping-taxable","11":"purchasable","12":"product-type-simple"},"_links":{"self":[{"href":"https:\/\/automatic.ee\/ru\/wp-json\/wp\/v2\/product\/104557","targetHints":{"allow":["GET"]}}],"collection":[{"href":"https:\/\/automatic.ee\/ru\/wp-json\/wp\/v2\/product"}],"about":[{"href":"https:\/\/automatic.ee\/ru\/wp-json\/wp\/v2\/types\/product"}],"replies":[{"embeddable":true,"href":"https:\/\/automatic.ee\/ru\/wp-json\/wp\/v2\/comments?post=104557"}],"wp:featuredmedia":[{"embeddable":true,"href":"https:\/\/automatic.ee\/ru\/wp-json\/wp\/v2\/media\/104554"}],"wp:attachment":[{"href":"https:\/\/automatic.ee\/ru\/wp-json\/wp\/v2\/media?parent=104557"}],"wp:term":[{"taxonomy":"product_brand","embeddable":true,"href":"https:\/\/automatic.ee\/ru\/wp-json\/wp\/v2\/product_brand?post=104557"},{"taxonomy":"product_cat","embeddable":true,"href":"https:\/\/automatic.ee\/ru\/wp-json\/wp\/v2\/product_cat?post=104557"},{"taxonomy":"product_tag","embeddable":true,"href":"https:\/\/automatic.ee\/ru\/wp-json\/wp\/v2\/product_tag?post=104557"}],"curies":[{"name":"wp","href":"https:\/\/api.w.org\/{rel}","templated":true}]}}