{"id":104553,"date":"2025-11-04T03:31:53","date_gmt":"2025-11-04T01:31:53","guid":{"rendered":"https:\/\/automatic.ee\/toode\/2000a-liitium-kaivitusabi-obsl400-16800mah-12v-osram\/"},"modified":"2025-11-04T03:31:53","modified_gmt":"2025-11-04T01:31:53","slug":"2000a-liitium-kaivitusabi-obsl400-16800mah-12v-osram","status":"publish","type":"product","link":"https:\/\/automatic.ee\/ru\/toode\/2000a-liitium-kaivitusabi-obsl400-16800mah-12v-osram\/","title":{"rendered":"2000A liitium k\u00e4ivitusabi OBSL400 16800mAh 12V OSRAM"},"content":{"rendered":"<ul>\n<li><span class=\"product-description__item-title\">N\u00e4idik:<\/span><span class=\"product-description__item-value\">taustvalgustusega<\/span><\/li>\n<li><span class=\"product-description__item-title\">S\u00f5iduki t\u00fc\u00fcp:<\/span><span class=\"product-description__item-value\">S\u00f5iduautod<\/span><\/li>\n<li><span class=\"product-description__item-title\">Omadused:<\/span><span class=\"product-description__item-value\"><a href=\"https:\/\/www.autodoc.ee\/autotarvikud\/juhtmed-ja-akulaadijad\/kaasaskantav\" class=\"link\">kaasaskantav<\/a><\/span><\/li>\n<li><span class=\"product-description__item-title\">Tooteliin:<\/span><span class=\"product-description__item-value\">BATTERYstart 400<\/span><\/li>\n<li><span class=\"product-description__item-title\">Kasutustemperatuur alates [\u00b0C]:<\/span><span class=\"product-description__item-value\">-20<\/span><\/li>\n<li><span class=\"product-description__item-title\">Kasutustemperatuur kuni [\u00b0C]:<\/span><span class=\"product-description__item-value\">40<\/span><\/li>\n<li><span class=\"product-description__item-title\">V\u00f5rgupinge (AC) [V]:<\/span><span class=\"product-description__item-value\">12 V<\/span><\/li>\n<li><span class=\"product-description__item-title\">K\u00e4ivitusvool (12V) [A]:<\/span><span class=\"product-description__item-value\">400<\/span><\/li>\n<li><span class=\"product-description__item-title\">L\u00f6\u00f6kvool (12V) [A]:<\/span><span class=\"product-description__item-value\">800<\/span><\/li>\n<li><span class=\"product-description__item-title\">Aku-maht (t\u00e4islaadimine) [Ah]:<\/span><span class=\"product-description__item-value\">16,8<\/span><\/li>\n<li><span class=\"product-description__item-title\">Aku:<\/span><span class=\"product-description__item-value\">Liitiumkoobaltoksiid (LiCoO2)<\/span><\/li>\n<li><span class=\"product-description__item-title\">Laadeaeg (tund):<\/span><span class=\"product-description__item-value\">3<\/span><\/li>\n<li><span class=\"product-description__item-title\">L\u00fchisekaitse:<\/span><span class=\"product-description__item-value\">jah<\/span><\/li>\n<li><span class=\"product-description__item-title\">\u00dclekuumenemise kaitse:<\/span><span class=\"product-description__item-value\">jah<\/span><\/li>\n<li><span class=\"product-description__item-title\">Valepolaarsuse kaitse:<\/span><\/li>\n<\/ul>\n<div>\n<div>\n<div><\/div>\n<\/div>\n<\/div>\n","protected":false},"excerpt":{"rendered":"<p>OBSL400<\/p>\n","protected":false},"featured_media":104550,"comment_status":"open","ping_status":"closed","template":"","meta":{"colormag_page_container_layout":"default_layout","colormag_page_sidebar_layout":"default_layout"},"product_brand":[],"product_cat":[159],"product_tag":[],"class_list":{"0":"post-104553","1":"product","2":"type-product","3":"status-publish","4":"has-post-thumbnail","6":"product_cat-kaivitusabi","8":"first","9":"instock","10":"shipping-taxable","11":"purchasable","12":"product-type-simple"},"_links":{"self":[{"href":"https:\/\/automatic.ee\/ru\/wp-json\/wp\/v2\/product\/104553","targetHints":{"allow":["GET"]}}],"collection":[{"href":"https:\/\/automatic.ee\/ru\/wp-json\/wp\/v2\/product"}],"about":[{"href":"https:\/\/automatic.ee\/ru\/wp-json\/wp\/v2\/types\/product"}],"replies":[{"embeddable":true,"href":"https:\/\/automatic.ee\/ru\/wp-json\/wp\/v2\/comments?post=104553"}],"wp:featuredmedia":[{"embeddable":true,"href":"https:\/\/automatic.ee\/ru\/wp-json\/wp\/v2\/media\/104550"}],"wp:attachment":[{"href":"https:\/\/automatic.ee\/ru\/wp-json\/wp\/v2\/media?parent=104553"}],"wp:term":[{"taxonomy":"product_brand","embeddable":true,"href":"https:\/\/automatic.ee\/ru\/wp-json\/wp\/v2\/product_brand?post=104553"},{"taxonomy":"product_cat","embeddable":true,"href":"https:\/\/automatic.ee\/ru\/wp-json\/wp\/v2\/product_cat?post=104553"},{"taxonomy":"product_tag","embeddable":true,"href":"https:\/\/automatic.ee\/ru\/wp-json\/wp\/v2\/product_tag?post=104553"}],"curies":[{"name":"wp","href":"https:\/\/api.w.org\/{rel}","templated":true}]}}