{"id":104497,"date":"2025-11-04T03:30:47","date_gmt":"2025-11-04T01:30:47","guid":{"rendered":"https:\/\/automatic.ee\/toode\/kaivitusjuhtmed-3m-200a-osram\/"},"modified":"2025-11-04T03:30:47","modified_gmt":"2025-11-04T01:30:47","slug":"kaivitusjuhtmed-3m-200a-osram","status":"publish","type":"product","link":"https:\/\/automatic.ee\/ru\/toode\/kaivitusjuhtmed-3m-200a-osram\/","title":{"rendered":"K\u00c4IVITUSJUHTMED 3M 200A OSRAM"},"content":{"rendered":"<h4>Osram 200A k\u00e4ivitusjuhtmed 3m 6V\/12V Vasega kaetud alumiinium<\/h4>\n<ul>\n<li>Sobib bensiinimootoriga s\u00f5idukite k\u00e4ivitamiseks v\u00f5imsusega \u22642,0L<\/li>\n<li>Maksimaalne voolutugevus 200A<\/li>\n<li>Pidev voolutugevus 100A<\/li>\n<li>Vaskkattega alumiinium<\/li>\n<li>Kaetud paindliku PVC-ga<\/li>\n<li>3,0 m pikkus<\/li>\n<li>8,5 mm2 ristl\u00f5ike pindala<\/li>\n<li>Sobib pingetele 6V ja 12V<\/li>\n<li>V\u00e4rvikodeeritud, isoleeritud k\u00e4epidemed ja klambrid<\/li>\n<li>Isoleeritud kaabel<\/li>\n<li>Hoiukott<\/li>\n<\/ul>\n","protected":false},"excerpt":{"rendered":"<p>OSC101<\/p>\n","protected":false},"featured_media":104494,"comment_status":"open","ping_status":"closed","template":"","meta":{"colormag_page_container_layout":"default_layout","colormag_page_sidebar_layout":"default_layout"},"product_brand":[],"product_cat":[108],"product_tag":[],"class_list":{"0":"post-104497","1":"product","2":"type-product","3":"status-publish","4":"has-post-thumbnail","6":"product_cat-misc","8":"first","9":"instock","10":"shipping-taxable","11":"purchasable","12":"product-type-simple"},"_links":{"self":[{"href":"https:\/\/automatic.ee\/ru\/wp-json\/wp\/v2\/product\/104497","targetHints":{"allow":["GET"]}}],"collection":[{"href":"https:\/\/automatic.ee\/ru\/wp-json\/wp\/v2\/product"}],"about":[{"href":"https:\/\/automatic.ee\/ru\/wp-json\/wp\/v2\/types\/product"}],"replies":[{"embeddable":true,"href":"https:\/\/automatic.ee\/ru\/wp-json\/wp\/v2\/comments?post=104497"}],"wp:featuredmedia":[{"embeddable":true,"href":"https:\/\/automatic.ee\/ru\/wp-json\/wp\/v2\/media\/104494"}],"wp:attachment":[{"href":"https:\/\/automatic.ee\/ru\/wp-json\/wp\/v2\/media?parent=104497"}],"wp:term":[{"taxonomy":"product_brand","embeddable":true,"href":"https:\/\/automatic.ee\/ru\/wp-json\/wp\/v2\/product_brand?post=104497"},{"taxonomy":"product_cat","embeddable":true,"href":"https:\/\/automatic.ee\/ru\/wp-json\/wp\/v2\/product_cat?post=104497"},{"taxonomy":"product_tag","embeddable":true,"href":"https:\/\/automatic.ee\/ru\/wp-json\/wp\/v2\/product_tag?post=104497"}],"curies":[{"name":"wp","href":"https:\/\/api.w.org\/{rel}","templated":true}]}}