{"id":104493,"date":"2025-11-04T03:30:44","date_gmt":"2025-11-04T01:30:44","guid":{"rendered":"https:\/\/automatic.ee\/toode\/h7-24v-pirnide-kaitsmete-varukomplekt-osram\/"},"modified":"2025-11-04T03:30:44","modified_gmt":"2025-11-04T01:30:44","slug":"h7-24v-pirnide-kaitsmete-varukomplekt-osram","status":"publish","type":"product","link":"https:\/\/automatic.ee\/ru\/toode\/h7-24v-pirnide-kaitsmete-varukomplekt-osram\/","title":{"rendered":"H7 24V PIRNIDE\/KAITSMETE VARUKOMPLEKT OSRAM"},"content":{"rendered":"<h4>pirnide varukomplekt h7 24v Osram CLK-H724V<\/h4>\n<p>Pirnide  komplekt veoautode mobiilseks pirnide asendamiseks<\/p>\n<p>OSRAMi 24-voldiste tagavara pirnide komplektid pakuvad tagavarapirne veoautodele ja bussidele. Neid saab vajaduse korral rikete parandamiseks kasutada ilma abita v\u00f5i suurema t\u00f6\u00f6ta. T\u00e4nu selgele m\u00e4rgistusele ja rakenduse illustratsioonile on neid h\u00f5lpsasti v\u00f5imalik tuvastada.<\/p>\n<p>Saksamaal valmistatud esmaklassiline kvaliteet.<\/p>\n<p>Komplekt 2tk H7 pirni ja lisaks sisaldab 2tk igat j\u00e4rgnevat pirni kuuest k\u00f5ige t\u00e4htsamast tagapirnist  ning lisaks veel 3tk kahvelkaitsmed.<\/p>\n<p>Tootenumber: 4008321583215<\/p>\n<p>Sisaldab:<\/p>\n<p>64215 H7 Esituli<\/p>\n<p>7511 P21W Piduri- ja tagatuli<\/p>\n<p>7510TSP PY21W Suunatuli, merevaik oranz<\/p>\n<p>7537 P21 \/ 5W Piduri- \/ tagatuli<\/p>\n<p>5627 R5W Tagatuli ja numbrivalgustus<\/p>\n<p>5637 R10W parkimisvalgusti<\/p>\n<p>3930 T4W Park- ja positsioonituled<\/p>\n<p>15A, 20A, 30A  kahvelkaitsmed<\/p>\n","protected":false},"excerpt":{"rendered":"<p>OSCLK-H7<\/p>\n","protected":false},"featured_media":104490,"comment_status":"open","ping_status":"closed","template":"","meta":{"colormag_page_container_layout":"default_layout","colormag_page_sidebar_layout":"default_layout"},"product_brand":[],"product_cat":[146],"product_tag":[],"class_list":{"0":"post-104493","1":"product","2":"type-product","3":"status-publish","4":"has-post-thumbnail","6":"product_cat-led-pirnid-pirnid-xenon","8":"first","9":"instock","10":"shipping-taxable","11":"purchasable","12":"product-type-simple"},"_links":{"self":[{"href":"https:\/\/automatic.ee\/ru\/wp-json\/wp\/v2\/product\/104493","targetHints":{"allow":["GET"]}}],"collection":[{"href":"https:\/\/automatic.ee\/ru\/wp-json\/wp\/v2\/product"}],"about":[{"href":"https:\/\/automatic.ee\/ru\/wp-json\/wp\/v2\/types\/product"}],"replies":[{"embeddable":true,"href":"https:\/\/automatic.ee\/ru\/wp-json\/wp\/v2\/comments?post=104493"}],"wp:featuredmedia":[{"embeddable":true,"href":"https:\/\/automatic.ee\/ru\/wp-json\/wp\/v2\/media\/104490"}],"wp:attachment":[{"href":"https:\/\/automatic.ee\/ru\/wp-json\/wp\/v2\/media?parent=104493"}],"wp:term":[{"taxonomy":"product_brand","embeddable":true,"href":"https:\/\/automatic.ee\/ru\/wp-json\/wp\/v2\/product_brand?post=104493"},{"taxonomy":"product_cat","embeddable":true,"href":"https:\/\/automatic.ee\/ru\/wp-json\/wp\/v2\/product_cat?post=104493"},{"taxonomy":"product_tag","embeddable":true,"href":"https:\/\/automatic.ee\/ru\/wp-json\/wp\/v2\/product_tag?post=104493"}],"curies":[{"name":"wp","href":"https:\/\/api.w.org\/{rel}","templated":true}]}}