{"id":104489,"date":"2025-11-04T03:30:39","date_gmt":"2025-11-04T01:30:39","guid":{"rendered":"https:\/\/automatic.ee\/toode\/kompakt-akulaadija-paikesepaneeliga-10w-osram\/"},"modified":"2025-11-04T03:30:39","modified_gmt":"2025-11-04T01:30:39","slug":"kompakt-akulaadija-paikesepaneeliga-10w-osram","status":"publish","type":"product","link":"https:\/\/automatic.ee\/ru\/toode\/kompakt-akulaadija-paikesepaneeliga-10w-osram\/","title":{"rendered":"KOMPAKT AKULAADIJA P\u00c4IKESEPANEELIGA 10W OSRAM"},"content":{"rendered":"<p>Kompakt akulaadija p\u00e4iksepaneeliga 10W<\/p>\n<p>P\u00e4ikesepatareide hooldus s\u00f5idukitele<\/p>\n<p>Kaasaegsetel s\u00f5idukitel on v\u00e4ike, kuid pidev aku t\u00fchjenemine. Need on t\u00e4is elektris\u00fcsteeme, mis t\u00f6\u00f6tavad pidevalt ka siis, kui s\u00fc\u00fcde on v\u00e4lja l\u00fclitatud.Alarmid, immobilisaatorid ja lukuseire on n\u00e4ited taustal t\u00f6\u00f6tavatest s\u00fcsteemidest, mis v\u00f5ivad p\u00f5hjustada aku t\u00fchjenemist isegi siis, kui s\u00f5idukit ei kasutata. OSP1000 on p\u00e4ikeseenergial t\u00f6\u00f6tav aku hooldaja 12 V s\u00f5idukitele \u2013 madala s\u00fcsinikusisaldusega ja keskkonnas\u00f5bralikum viis s\u00f5iduki aku hooldamiseks, kui seda ei kasutata. Ideaalne hooajaliselt kasutatavatele s\u00f5idukitele, nagu haagissuvilad, klassikalised autod ja mootorrattad. Tarnitakse alalisvoolu pistiku ja akuklambritega, t\u00f6\u00f6tab pilves ja on IP 65 veekindel. Vastupidise polaarsuse kaitse hoiab \u00e4ra kahju, kui klambrid on \u00fchendatud valede aku poolustega.<\/p>\n<p>\u00dcldine tooteteave<\/p>\n<p>Globaalne tellimuse viide OSP1000<\/p>\n<p>Hooldustasu (kuni) 0,56 A<\/p>\n<p>K\u00f5rgus 364 mm<\/p>\n<p>Pikkus 230,0 mm<\/p>\n<p>Laius 18,0 mm<\/p>\n<p>Klambrid Kaabli pikkus 0,3 m<\/p>\n<p>Toitekaabli pikkus 3,0 m<\/p>\n<p>Soovitatav kasutada koos Mootorratas, s\u00f5iduauto, maastur, kaubik, v\u00e4ike veoauto<\/p>\n<p>Aku \u00fchendusklambrid, 12V DC toitepistik<\/p>\n","protected":false},"excerpt":{"rendered":"<p>OSP1000<\/p>\n","protected":false},"featured_media":104486,"comment_status":"open","ping_status":"closed","template":"","meta":{"colormag_page_container_layout":"default_layout","colormag_page_sidebar_layout":"default_layout"},"product_brand":[],"product_cat":[161],"product_tag":[],"class_list":{"0":"post-104489","1":"product","2":"type-product","3":"status-publish","4":"has-post-thumbnail","6":"product_cat-akulaadija","8":"first","9":"instock","10":"shipping-taxable","11":"purchasable","12":"product-type-simple"},"_links":{"self":[{"href":"https:\/\/automatic.ee\/ru\/wp-json\/wp\/v2\/product\/104489","targetHints":{"allow":["GET"]}}],"collection":[{"href":"https:\/\/automatic.ee\/ru\/wp-json\/wp\/v2\/product"}],"about":[{"href":"https:\/\/automatic.ee\/ru\/wp-json\/wp\/v2\/types\/product"}],"replies":[{"embeddable":true,"href":"https:\/\/automatic.ee\/ru\/wp-json\/wp\/v2\/comments?post=104489"}],"wp:featuredmedia":[{"embeddable":true,"href":"https:\/\/automatic.ee\/ru\/wp-json\/wp\/v2\/media\/104486"}],"wp:attachment":[{"href":"https:\/\/automatic.ee\/ru\/wp-json\/wp\/v2\/media?parent=104489"}],"wp:term":[{"taxonomy":"product_brand","embeddable":true,"href":"https:\/\/automatic.ee\/ru\/wp-json\/wp\/v2\/product_brand?post=104489"},{"taxonomy":"product_cat","embeddable":true,"href":"https:\/\/automatic.ee\/ru\/wp-json\/wp\/v2\/product_cat?post=104489"},{"taxonomy":"product_tag","embeddable":true,"href":"https:\/\/automatic.ee\/ru\/wp-json\/wp\/v2\/product_tag?post=104489"}],"curies":[{"name":"wp","href":"https:\/\/api.w.org\/{rel}","templated":true}]}}