{"id":104473,"date":"2025-11-04T03:30:22","date_gmt":"2025-11-04T01:30:22","guid":{"rendered":"https:\/\/automatic.ee\/toode\/akulaadeseade-8a-osram\/"},"modified":"2025-11-04T03:30:22","modified_gmt":"2025-11-04T01:30:22","slug":"akulaadeseade-8a-osram","status":"publish","type":"product","link":"https:\/\/automatic.ee\/ru\/toode\/akulaadeseade-8a-osram\/","title":{"rendered":"AKULAADESEADE 8A OSRAM"},"content":{"rendered":"<p>\u0410kulaadija intelligentne 8A kitsas OSRAM<\/p>\n<p>Nutikas akulaadija ja mitmeastmelise laadimists\u00fckliga hoolduslaadija<\/p>\n<p>OSRAM BatteryCharger 908 on 8A nutilaadija ja akuhooldaja 12V ja 24V s\u00f5idukitele, sealhulgas enamikule s\u00f5iduautodele, kaubikutele ja v\u00e4ikestele veoautodele. Hooldab ja laeb s\u00f5iduki akut seitsmeastmelise laadimists\u00fckli abil, ainult 9-etapilise pliiakude \/ AGM-akude ts\u00fckli abil. Sisaldab tagantvalgustusega LCD-digitaalekraani, mis hoiab asju h\u00f5lpsalt ka v\u00e4hese valguse korral. Paljud turvaelemendid, sealhulgas vastupidine polaarsus ja l\u00fchisekaitse, hoiavad nii kasutajat kui ka s\u00f5idukit ohutuna. Veenduge, et laadija hooldab teie auto akut, kuna see l\u00fclitub automaatselt pikaajalise hoolduse re\u017eiimile, kui s\u00f5iduki aku on t\u00e4is.<\/p>\n<p>Sobib Start Stop akudele<\/p>\n<p>Talve funktisoon<\/p>\n<p>Elektrilised andmed<\/p>\n<p>Maksimaalne aku suurus 24 V laadimiseks 70 Ah<\/p>\n<p>Laadimiskiirus (kuni) 8A<\/p>\n<p>Hooldus (kuni) 4A<\/p>\n<p>Aku maksimaalne maht 12 V laadimiseks 150 Ah<\/p>\n<p>M\u00f5\u00f5tmed ja kaal<\/p>\n<p>Klambrid Kaabli pikkus 1,5 m<\/p>\n<p>Toitekaabli pikkus 1,5 m<\/p>\n<p>T\u00e4iendavad tooteandmed<\/p>\n<p>Aku \u00fchendus O-r\u00f5ngad, krokodilliklambrid<\/p>\n<p>Soovitatav kasutada koos:<\/p>\n<p>Mootorratas, auto, maastur, kaubik, v\u00e4ike veoauto<\/p>\n<p>Etapid 9: plii, AGM, EFB<\/p>\n<p>Etapid: liitium 7<\/p>\n","protected":false},"excerpt":{"rendered":"<p>OSROEBCS908<\/p>\n","protected":false},"featured_media":104470,"comment_status":"open","ping_status":"closed","template":"","meta":{"colormag_page_container_layout":"default_layout","colormag_page_sidebar_layout":"default_layout"},"product_brand":[],"product_cat":[161],"product_tag":[],"class_list":{"0":"post-104473","1":"product","2":"type-product","3":"status-publish","4":"has-post-thumbnail","6":"product_cat-akulaadija","8":"first","9":"instock","10":"shipping-taxable","11":"purchasable","12":"product-type-simple"},"_links":{"self":[{"href":"https:\/\/automatic.ee\/ru\/wp-json\/wp\/v2\/product\/104473","targetHints":{"allow":["GET"]}}],"collection":[{"href":"https:\/\/automatic.ee\/ru\/wp-json\/wp\/v2\/product"}],"about":[{"href":"https:\/\/automatic.ee\/ru\/wp-json\/wp\/v2\/types\/product"}],"replies":[{"embeddable":true,"href":"https:\/\/automatic.ee\/ru\/wp-json\/wp\/v2\/comments?post=104473"}],"wp:featuredmedia":[{"embeddable":true,"href":"https:\/\/automatic.ee\/ru\/wp-json\/wp\/v2\/media\/104470"}],"wp:attachment":[{"href":"https:\/\/automatic.ee\/ru\/wp-json\/wp\/v2\/media?parent=104473"}],"wp:term":[{"taxonomy":"product_brand","embeddable":true,"href":"https:\/\/automatic.ee\/ru\/wp-json\/wp\/v2\/product_brand?post=104473"},{"taxonomy":"product_cat","embeddable":true,"href":"https:\/\/automatic.ee\/ru\/wp-json\/wp\/v2\/product_cat?post=104473"},{"taxonomy":"product_tag","embeddable":true,"href":"https:\/\/automatic.ee\/ru\/wp-json\/wp\/v2\/product_tag?post=104473"}],"curies":[{"name":"wp","href":"https:\/\/api.w.org\/{rel}","templated":true}]}}