{"id":104449,"date":"2025-11-04T03:30:00","date_gmt":"2025-11-04T01:30:00","guid":{"rendered":"https:\/\/automatic.ee\/toode\/engine-flush-375-ml-pro-tec\/"},"modified":"2025-11-04T03:30:00","modified_gmt":"2025-11-04T01:30:00","slug":"engine-flush-375-ml-pro-tec","status":"publish","type":"product","link":"https:\/\/automatic.ee\/ru\/toode\/engine-flush-375-ml-pro-tec\/","title":{"rendered":"Engine flush 375 ml PRO-TEC"},"content":{"rendered":"<p>Mootori loputus, mis on ette n\u00e4htud bensiini- ja diiselmootorite \u00f5lis\u00fcsteemide, n\u00e4iteks manuaalk\u00e4igukastide ja diferentsiaalide t\u00f5husaks puhastamiseks:<\/p>\n<div>Lahustab ja eemaldab silindri- ja kolvigrupi osadelt s\u00fcsiniku, laki, vaigu ja muud saasteained, vabastades kinnikiilunud kolvir\u00f5ngad ja kinnikiilunud h\u00fcdraulilised kompensaatorid;<\/div>\n<div>Neutraliseerib \u00f5li oks\u00fcdatsiooni;<\/div>\n<div>\u00fclit\u00f5husad m\u00e4\u00e4rdekomponendid kaitsevad puhastamise ajal kogu mootorit;<\/div>\n<p>Enne vahetamist lisage vanale mootori\u00f5lile mootoriloputus. K\u00e4ivitage mootor t\u00fchik\u00e4igul 15 minutit. Seej\u00e4rel vahetage \u00f5li ja filtrid vastavalt tootja juhistele.<\/p>\n","protected":false},"excerpt":{"rendered":"<p>P1001<\/p>\n","protected":false},"featured_media":104446,"comment_status":"open","ping_status":"closed","template":"","meta":{"colormag_page_container_layout":"default_layout","colormag_page_sidebar_layout":"default_layout"},"product_brand":[],"product_cat":[128],"product_tag":[],"class_list":{"0":"post-104449","1":"product","2":"type-product","3":"status-publish","4":"has-post-thumbnail","6":"product_cat-autokeemia","8":"first","9":"instock","10":"shipping-taxable","11":"purchasable","12":"product-type-simple"},"_links":{"self":[{"href":"https:\/\/automatic.ee\/ru\/wp-json\/wp\/v2\/product\/104449","targetHints":{"allow":["GET"]}}],"collection":[{"href":"https:\/\/automatic.ee\/ru\/wp-json\/wp\/v2\/product"}],"about":[{"href":"https:\/\/automatic.ee\/ru\/wp-json\/wp\/v2\/types\/product"}],"replies":[{"embeddable":true,"href":"https:\/\/automatic.ee\/ru\/wp-json\/wp\/v2\/comments?post=104449"}],"wp:featuredmedia":[{"embeddable":true,"href":"https:\/\/automatic.ee\/ru\/wp-json\/wp\/v2\/media\/104446"}],"wp:attachment":[{"href":"https:\/\/automatic.ee\/ru\/wp-json\/wp\/v2\/media?parent=104449"}],"wp:term":[{"taxonomy":"product_brand","embeddable":true,"href":"https:\/\/automatic.ee\/ru\/wp-json\/wp\/v2\/product_brand?post=104449"},{"taxonomy":"product_cat","embeddable":true,"href":"https:\/\/automatic.ee\/ru\/wp-json\/wp\/v2\/product_cat?post=104449"},{"taxonomy":"product_tag","embeddable":true,"href":"https:\/\/automatic.ee\/ru\/wp-json\/wp\/v2\/product_tag?post=104449"}],"curies":[{"name":"wp","href":"https:\/\/api.w.org\/{rel}","templated":true}]}}