{"id":104441,"date":"2025-11-04T03:29:54","date_gmt":"2025-11-04T01:29:54","guid":{"rendered":"https:\/\/automatic.ee\/toode\/fuel-line-cleaner-1i-pro-tec\/"},"modified":"2025-11-04T03:29:54","modified_gmt":"2025-11-04T01:29:54","slug":"fuel-line-cleaner-1i-pro-tec","status":"publish","type":"product","link":"https:\/\/automatic.ee\/ru\/toode\/fuel-line-cleaner-1i-pro-tec\/","title":{"rendered":"FUEL LINE CLEANER 1I PRO-TEC"},"content":{"rendered":"<p>K\u00fctuses\u00fcsteemi puhastusvahend igat t\u00fc\u00fcpi bensiinimootoritele. Eriti soovitatav mootoritele, mis on varustatud katal\u00fcsaatori, turbo\u00fclelaaduri ja otsesissepritses\u00fcsteemidega, sealhulgas FSI bensiini sissepritses\u00fcsteemiga.<\/p>\n<div>puhastab, m\u00e4\u00e4rib ja kaitseb usaldusv\u00e4\u00e4rselt kogu k\u00fctusevarustuss\u00fcsteemi, alates paagist kuni p\u00f5lemiskambriteni.<\/div>\n<div>Lahustab ja eemaldab t\u00f5husalt p\u00f5lemiskambrisse tekkinud s\u00fcsiniku ning t\u00f5rva- ja lakisademed<\/div>\n<div>s\u00e4ilitab PCV klapi funktsionaalsuse<\/div>\n<div>eemaldab niiskuse ja kondensaadi kogu k\u00fctuses\u00fcsteemist.<\/div>\n<p>Valage k\u00fctusepaaki k\u00fctusetoru puhastaja. Tehnilistes jaamatingimustes kasutage maksimaalse efekti saavutamiseks spetsiaalset PRO TEC puhastusseadet.<\/p>\n","protected":false},"excerpt":{"rendered":"<p>P1109<\/p>\n","protected":false},"featured_media":104438,"comment_status":"open","ping_status":"closed","template":"","meta":{"colormag_page_container_layout":"default_layout","colormag_page_sidebar_layout":"default_layout"},"product_brand":[],"product_cat":[128],"product_tag":[],"class_list":{"0":"post-104441","1":"product","2":"type-product","3":"status-publish","4":"has-post-thumbnail","6":"product_cat-autokeemia","8":"first","9":"instock","10":"shipping-taxable","11":"purchasable","12":"product-type-simple"},"_links":{"self":[{"href":"https:\/\/automatic.ee\/ru\/wp-json\/wp\/v2\/product\/104441","targetHints":{"allow":["GET"]}}],"collection":[{"href":"https:\/\/automatic.ee\/ru\/wp-json\/wp\/v2\/product"}],"about":[{"href":"https:\/\/automatic.ee\/ru\/wp-json\/wp\/v2\/types\/product"}],"replies":[{"embeddable":true,"href":"https:\/\/automatic.ee\/ru\/wp-json\/wp\/v2\/comments?post=104441"}],"wp:featuredmedia":[{"embeddable":true,"href":"https:\/\/automatic.ee\/ru\/wp-json\/wp\/v2\/media\/104438"}],"wp:attachment":[{"href":"https:\/\/automatic.ee\/ru\/wp-json\/wp\/v2\/media?parent=104441"}],"wp:term":[{"taxonomy":"product_brand","embeddable":true,"href":"https:\/\/automatic.ee\/ru\/wp-json\/wp\/v2\/product_brand?post=104441"},{"taxonomy":"product_cat","embeddable":true,"href":"https:\/\/automatic.ee\/ru\/wp-json\/wp\/v2\/product_cat?post=104441"},{"taxonomy":"product_tag","embeddable":true,"href":"https:\/\/automatic.ee\/ru\/wp-json\/wp\/v2\/product_tag?post=104441"}],"curies":[{"name":"wp","href":"https:\/\/api.w.org\/{rel}","templated":true}]}}