{"id":104425,"date":"2025-11-04T03:29:44","date_gmt":"2025-11-04T01:29:44","guid":{"rendered":"https:\/\/automatic.ee\/toode\/guard-fill-diesel-75-ml-pro-tec\/"},"modified":"2025-11-04T03:29:44","modified_gmt":"2025-11-04T01:29:44","slug":"guard-fill-diesel-75-ml-pro-tec","status":"publish","type":"product","link":"https:\/\/automatic.ee\/ru\/toode\/guard-fill-diesel-75-ml-pro-tec\/","title":{"rendered":"GUARD FILL DIESEL 75 ml. PRO-TEC"},"content":{"rendered":"<p>Guard Fill-Diesel kaitseb sisselaskeventiilid, pihustid ja p\u00f5lemiskambrid koksi ja tahma j\u00e4\u00e4kide eest, v\u00e4hendab mootori h\u00f5\u00f5rdumist ja kaitseb k\u00f5iki metallpindu korrosiooni eest. Lisandite pakett Guard Fill v\u00f5ib v\u00e4hendada k\u00fctusekulu kuni 3% ja isegi v\u00e4hendada mootori heitgaase kuni 35%. Niiskus ja kondensaat eemaldatakse, j\u00e4ttes silindri \u00fclemised alad h\u00e4sti m\u00e4\u00e4rituks ja kaitstuks. Guard Fill hoiab mootori heas seisukorras kogu selle kasutusaja jooksul.<\/p>\n","protected":false},"excerpt":{"rendered":"<p>P1270<\/p>\n","protected":false},"featured_media":104422,"comment_status":"open","ping_status":"closed","template":"","meta":{"colormag_page_container_layout":"default_layout","colormag_page_sidebar_layout":"default_layout"},"product_brand":[],"product_cat":[128],"product_tag":[],"class_list":{"0":"post-104425","1":"product","2":"type-product","3":"status-publish","4":"has-post-thumbnail","6":"product_cat-autokeemia","8":"first","9":"instock","10":"shipping-taxable","11":"purchasable","12":"product-type-simple"},"_links":{"self":[{"href":"https:\/\/automatic.ee\/ru\/wp-json\/wp\/v2\/product\/104425","targetHints":{"allow":["GET"]}}],"collection":[{"href":"https:\/\/automatic.ee\/ru\/wp-json\/wp\/v2\/product"}],"about":[{"href":"https:\/\/automatic.ee\/ru\/wp-json\/wp\/v2\/types\/product"}],"replies":[{"embeddable":true,"href":"https:\/\/automatic.ee\/ru\/wp-json\/wp\/v2\/comments?post=104425"}],"wp:featuredmedia":[{"embeddable":true,"href":"https:\/\/automatic.ee\/ru\/wp-json\/wp\/v2\/media\/104422"}],"wp:attachment":[{"href":"https:\/\/automatic.ee\/ru\/wp-json\/wp\/v2\/media?parent=104425"}],"wp:term":[{"taxonomy":"product_brand","embeddable":true,"href":"https:\/\/automatic.ee\/ru\/wp-json\/wp\/v2\/product_brand?post=104425"},{"taxonomy":"product_cat","embeddable":true,"href":"https:\/\/automatic.ee\/ru\/wp-json\/wp\/v2\/product_cat?post=104425"},{"taxonomy":"product_tag","embeddable":true,"href":"https:\/\/automatic.ee\/ru\/wp-json\/wp\/v2\/product_tag?post=104425"}],"curies":[{"name":"wp","href":"https:\/\/api.w.org\/{rel}","templated":true}]}}