{"id":104421,"date":"2025-11-04T03:29:41","date_gmt":"2025-11-04T01:29:41","guid":{"rendered":"https:\/\/automatic.ee\/toode\/oil-booster-1i-pro-tec\/"},"modified":"2025-11-04T03:29:41","modified_gmt":"2025-11-04T01:29:41","slug":"oil-booster-1i-pro-tec","status":"publish","type":"product","link":"https:\/\/automatic.ee\/ru\/toode\/oil-booster-1i-pro-tec\/","title":{"rendered":"Oil booster 1I PRO-TEC"},"content":{"rendered":"<p>\u00d5li optimeerija on madala fosfori- ja tuhavaba toode, mis ei sisalda raskmetalle ja sobib t\u00e4ielikult mistahes kvaliteediga \u00f5liga. Soovitatav kasutamiseks k\u00f5ikides bensiini- ja diiselmootorites, sh tahkete osakeste filtritega diiselmootorites, samuti manuaalk\u00e4igukastide ja diferentsiaalide jaoks.<\/p>\n<p>\u00dcks purk on 375 ml. Oil Boosterist piisab 8 liitri \u00f5li jaoks. K\u00e4igukastides, diferentsiaalides ja konveieris\u00f5lmedes asendage 10% valatud \u00f5li kogusest Oil Boosteriga.<\/p>\n","protected":false},"excerpt":{"rendered":"<p>P1309<\/p>\n","protected":false},"featured_media":104418,"comment_status":"open","ping_status":"closed","template":"","meta":{"colormag_page_container_layout":"default_layout","colormag_page_sidebar_layout":"default_layout"},"product_brand":[],"product_cat":[128],"product_tag":[],"class_list":{"0":"post-104421","1":"product","2":"type-product","3":"status-publish","4":"has-post-thumbnail","6":"product_cat-autokeemia","8":"first","9":"instock","10":"shipping-taxable","11":"purchasable","12":"product-type-simple"},"_links":{"self":[{"href":"https:\/\/automatic.ee\/ru\/wp-json\/wp\/v2\/product\/104421","targetHints":{"allow":["GET"]}}],"collection":[{"href":"https:\/\/automatic.ee\/ru\/wp-json\/wp\/v2\/product"}],"about":[{"href":"https:\/\/automatic.ee\/ru\/wp-json\/wp\/v2\/types\/product"}],"replies":[{"embeddable":true,"href":"https:\/\/automatic.ee\/ru\/wp-json\/wp\/v2\/comments?post=104421"}],"wp:featuredmedia":[{"embeddable":true,"href":"https:\/\/automatic.ee\/ru\/wp-json\/wp\/v2\/media\/104418"}],"wp:attachment":[{"href":"https:\/\/automatic.ee\/ru\/wp-json\/wp\/v2\/media?parent=104421"}],"wp:term":[{"taxonomy":"product_brand","embeddable":true,"href":"https:\/\/automatic.ee\/ru\/wp-json\/wp\/v2\/product_brand?post=104421"},{"taxonomy":"product_cat","embeddable":true,"href":"https:\/\/automatic.ee\/ru\/wp-json\/wp\/v2\/product_cat?post=104421"},{"taxonomy":"product_tag","embeddable":true,"href":"https:\/\/automatic.ee\/ru\/wp-json\/wp\/v2\/product_tag?post=104421"}],"curies":[{"name":"wp","href":"https:\/\/api.w.org\/{rel}","templated":true}]}}