{"id":104413,"date":"2025-11-04T03:29:33","date_gmt":"2025-11-04T01:29:33","guid":{"rendered":"https:\/\/automatic.ee\/toode\/radiator-oil-cleaner-2-188ml-pro-tec\/"},"modified":"2025-11-04T03:29:33","modified_gmt":"2025-11-04T01:29:33","slug":"radiator-oil-cleaner-2-188ml-pro-tec","status":"publish","type":"product","link":"https:\/\/automatic.ee\/ru\/toode\/radiator-oil-cleaner-2-188ml-pro-tec\/","title":{"rendered":"RADIATOR OIL CLEANER 2 188ml PRO-TEC"},"content":{"rendered":"<p>Kaitseb usaldusv\u00e4\u00e4rselt kogu jahutuss\u00fcsteemi ning eemaldab t\u00f5husalt defektsest silindripea tihendist v\u00f5i radiaatori lekkest tekkinud rasvased ladestused ja muda. Lahustab muud t\u00f6\u00f6 k\u00e4igus tekkinud saasteained, nagu jahutusvedeliku setted, lubi jne. Toote k\u00f5rged m\u00e4\u00e4rdeomadused kaitsevad ideaalselt k\u00f5iki metall- ja kummiosi puhastusprotsessi ajal. Toode taastab ventiilide, termostaatide ja veepumpade optimaalse j\u00f5udluse ning pikendab jahutuss\u00fcsteemi eluiga.<\/p>\n<p>Enne kasutamist loksutage purki! Lisage m\u00f5lema pudeli (K1 ja K2) kogu sisu jahutuss\u00fcsteemi. Avage k\u00fctteventiil ja laske mootoril optimaalse t\u00f6\u00f6temperatuuri saavutamiseks 15 minutit t\u00fchik\u00e4igul t\u00f6\u00f6tada. P\u00e4rast seda t\u00fchjendage jahutusvedelik. Eemaldage k\u00f5ik jahutusringi mittekuuluvad paisupaagid ja puhastage need k\u00e4sitsi. Seej\u00e4rel loputage kogu jahutuss\u00fcsteem puhta veega. L\u00f5puks teostage jahutusvedeliku vahetus vastavalt tootja juhistele. Avage k\u00fctteventiil ja valage k\u00fctusepaaki tank Fuel Line Cleaner. Tehnilistes jaamatingimustes kasutage maksimaalse efekti saavutamiseks spetsiaalset PRO TEC puhastusseadet.<\/p>\n","protected":false},"excerpt":{"rendered":"<p>P1511<\/p>\n","protected":false},"featured_media":104410,"comment_status":"open","ping_status":"closed","template":"","meta":{"colormag_page_container_layout":"default_layout","colormag_page_sidebar_layout":"default_layout"},"product_brand":[],"product_cat":[128],"product_tag":[],"class_list":{"0":"post-104413","1":"product","2":"type-product","3":"status-publish","4":"has-post-thumbnail","6":"product_cat-autokeemia","8":"first","9":"instock","10":"shipping-taxable","11":"purchasable","12":"product-type-simple"},"_links":{"self":[{"href":"https:\/\/automatic.ee\/ru\/wp-json\/wp\/v2\/product\/104413","targetHints":{"allow":["GET"]}}],"collection":[{"href":"https:\/\/automatic.ee\/ru\/wp-json\/wp\/v2\/product"}],"about":[{"href":"https:\/\/automatic.ee\/ru\/wp-json\/wp\/v2\/types\/product"}],"replies":[{"embeddable":true,"href":"https:\/\/automatic.ee\/ru\/wp-json\/wp\/v2\/comments?post=104413"}],"wp:featuredmedia":[{"embeddable":true,"href":"https:\/\/automatic.ee\/ru\/wp-json\/wp\/v2\/media\/104410"}],"wp:attachment":[{"href":"https:\/\/automatic.ee\/ru\/wp-json\/wp\/v2\/media?parent=104413"}],"wp:term":[{"taxonomy":"product_brand","embeddable":true,"href":"https:\/\/automatic.ee\/ru\/wp-json\/wp\/v2\/product_brand?post=104413"},{"taxonomy":"product_cat","embeddable":true,"href":"https:\/\/automatic.ee\/ru\/wp-json\/wp\/v2\/product_cat?post=104413"},{"taxonomy":"product_tag","embeddable":true,"href":"https:\/\/automatic.ee\/ru\/wp-json\/wp\/v2\/product_tag?post=104413"}],"curies":[{"name":"wp","href":"https:\/\/api.w.org\/{rel}","templated":true}]}}