{"id":104393,"date":"2025-11-04T03:29:12","date_gmt":"2025-11-04T01:29:12","guid":{"rendered":"https:\/\/automatic.ee\/toode\/lpg-system-cleanprotect-120ml-pro-tec\/"},"modified":"2025-11-04T03:29:12","modified_gmt":"2025-11-04T01:29:12","slug":"lpg-system-cleanprotect-120ml-pro-tec","status":"publish","type":"product","link":"https:\/\/automatic.ee\/ru\/toode\/lpg-system-cleanprotect-120ml-pro-tec\/","title":{"rendered":"LPG SYSTEM CLEAN&amp;PROTECT 120ml PRO-TEC"},"content":{"rendered":"<p>PRO-TEC LPG System Clean &amp; Protect on \u00fclit\u00f5hus toode, mis on m\u00f5eldud veeldatud gaasiga t\u00f6\u00f6tavatele s\u00f5idukimootoritele. Toode v\u00e4hendab oluliselt kulumist, tagab optimaalse klapikaitse, imab kahjulikku niiskust ja kaitseb kogu gaasis\u00fcsteemi korrosiooni eest. Toode takistab p\u00f5lemisj\u00e4\u00e4kide teket ja kaitseb gaasipaaki oks\u00fcdatsiooni eest, mis p\u00f5hjustab vananemist.<\/p>\n<p>enne tankimist lisage gaasipaaki regulaarselt iga 3-4 kuu tagant v\u00f5i iga 10 000 s\u00f5idukikm j\u00e4rel. Optimaalne tulemus saavutatakse samaaegsel kasutamisel koos tootega \u201cPetrol System Cleaner LPG\u201d.<\/p>\n","protected":false},"excerpt":{"rendered":"<p>P1931<\/p>\n","protected":false},"featured_media":104390,"comment_status":"open","ping_status":"closed","template":"","meta":{"colormag_page_container_layout":"default_layout","colormag_page_sidebar_layout":"default_layout"},"product_brand":[],"product_cat":[128],"product_tag":[],"class_list":{"0":"post-104393","1":"product","2":"type-product","3":"status-publish","4":"has-post-thumbnail","6":"product_cat-autokeemia","8":"first","9":"instock","10":"shipping-taxable","11":"purchasable","12":"product-type-simple"},"_links":{"self":[{"href":"https:\/\/automatic.ee\/ru\/wp-json\/wp\/v2\/product\/104393","targetHints":{"allow":["GET"]}}],"collection":[{"href":"https:\/\/automatic.ee\/ru\/wp-json\/wp\/v2\/product"}],"about":[{"href":"https:\/\/automatic.ee\/ru\/wp-json\/wp\/v2\/types\/product"}],"replies":[{"embeddable":true,"href":"https:\/\/automatic.ee\/ru\/wp-json\/wp\/v2\/comments?post=104393"}],"wp:featuredmedia":[{"embeddable":true,"href":"https:\/\/automatic.ee\/ru\/wp-json\/wp\/v2\/media\/104390"}],"wp:attachment":[{"href":"https:\/\/automatic.ee\/ru\/wp-json\/wp\/v2\/media?parent=104393"}],"wp:term":[{"taxonomy":"product_brand","embeddable":true,"href":"https:\/\/automatic.ee\/ru\/wp-json\/wp\/v2\/product_brand?post=104393"},{"taxonomy":"product_cat","embeddable":true,"href":"https:\/\/automatic.ee\/ru\/wp-json\/wp\/v2\/product_cat?post=104393"},{"taxonomy":"product_tag","embeddable":true,"href":"https:\/\/automatic.ee\/ru\/wp-json\/wp\/v2\/product_tag?post=104393"}],"curies":[{"name":"wp","href":"https:\/\/api.w.org\/{rel}","templated":true}]}}