{"id":104373,"date":"2025-11-04T03:28:50","date_gmt":"2025-11-04T01:28:50","guid":{"rendered":"https:\/\/automatic.ee\/toode\/oil-anti-smoke-375ml-pro-tec\/"},"modified":"2025-11-04T03:28:50","modified_gmt":"2025-11-04T01:28:50","slug":"oil-anti-smoke-375ml-pro-tec","status":"publish","type":"product","link":"https:\/\/automatic.ee\/ru\/toode\/oil-anti-smoke-375ml-pro-tec\/","title":{"rendered":"OIL ANTI SMOKE 375ml PRO-TEC"},"content":{"rendered":"<p>SUITSUVASTANE \u00f5li. Uuenduslik mootori\u00f5li lisand, mis on loodud v\u00e4ltima tahma teket k\u00f5igis bensiini-, diisel- ja gaasimootorites. Ideaalne suure \u00f5likuluga autodele. Toode hoiab \u00e4ra mootori\u00f5li oks\u00fcdeerumise, tagades k\u00f5ikide h\u00f5\u00f5rduvate mootoriosade optimaalse m\u00e4\u00e4rimise. T\u00e4nu oma k\u00f5rgele viskoossusele takistab see \u00f5li lekkimist p\u00f5lemiskambrisse.<\/p>\n<div>Mootori sujuv t\u00f6\u00f6<\/div>\n<div>Mootori mehaanilise kulumise v\u00e4hendamine ja selle kasutusea pikendamine<\/div>\n<div>\u00d5likulu kokkuhoid<\/div>\n<div>Heitgaasi suitsu k\u00f5rvaldamine<\/div>\n<p>Pihustage sisselaskes\u00fcsteemi, kui mootor t\u00f6\u00f6tab ja soe.<\/p>\n","protected":false},"excerpt":{"rendered":"<p>P2111<\/p>\n","protected":false},"featured_media":104370,"comment_status":"open","ping_status":"closed","template":"","meta":{"colormag_page_container_layout":"default_layout","colormag_page_sidebar_layout":"default_layout"},"product_brand":[],"product_cat":[128],"product_tag":[],"class_list":{"0":"post-104373","1":"product","2":"type-product","3":"status-publish","4":"has-post-thumbnail","6":"product_cat-autokeemia","8":"first","9":"instock","10":"shipping-taxable","11":"purchasable","12":"product-type-simple"},"_links":{"self":[{"href":"https:\/\/automatic.ee\/ru\/wp-json\/wp\/v2\/product\/104373","targetHints":{"allow":["GET"]}}],"collection":[{"href":"https:\/\/automatic.ee\/ru\/wp-json\/wp\/v2\/product"}],"about":[{"href":"https:\/\/automatic.ee\/ru\/wp-json\/wp\/v2\/types\/product"}],"replies":[{"embeddable":true,"href":"https:\/\/automatic.ee\/ru\/wp-json\/wp\/v2\/comments?post=104373"}],"wp:featuredmedia":[{"embeddable":true,"href":"https:\/\/automatic.ee\/ru\/wp-json\/wp\/v2\/media\/104370"}],"wp:attachment":[{"href":"https:\/\/automatic.ee\/ru\/wp-json\/wp\/v2\/media?parent=104373"}],"wp:term":[{"taxonomy":"product_brand","embeddable":true,"href":"https:\/\/automatic.ee\/ru\/wp-json\/wp\/v2\/product_brand?post=104373"},{"taxonomy":"product_cat","embeddable":true,"href":"https:\/\/automatic.ee\/ru\/wp-json\/wp\/v2\/product_cat?post=104373"},{"taxonomy":"product_tag","embeddable":true,"href":"https:\/\/automatic.ee\/ru\/wp-json\/wp\/v2\/product_tag?post=104373"}],"curies":[{"name":"wp","href":"https:\/\/api.w.org\/{rel}","templated":true}]}}