{"id":104369,"date":"2025-11-04T03:28:45","date_gmt":"2025-11-04T01:28:45","guid":{"rendered":"https:\/\/automatic.ee\/toode\/engine-oil-stop-leak-375ml-pro-tec\/"},"modified":"2025-11-04T03:28:45","modified_gmt":"2025-11-04T01:28:45","slug":"engine-oil-stop-leak-375ml-pro-tec","status":"publish","type":"product","link":"https:\/\/automatic.ee\/ru\/toode\/engine-oil-stop-leak-375ml-pro-tec\/","title":{"rendered":"Engine oil stop leak 375ml PRO-TEC"},"content":{"rendered":"<p>Stop leak \u2013 \u00fcliaktiivsete ja uuenduslike ainete kombinatsioon \u00f5litihendite, kummi- ja plasttihendite elastsuse taastamiseks ja s\u00e4ilitamiseks. Peatab v\u00f5i v\u00e4hendab \u00f5lilekkeid tihendite ja kolvir\u00f5ngaste kaudu, mis v\u00e4hendab mootori kulumist. Stabiliseerib mootori\u00f5li viskoossust ja takistab selle oks\u00fcdeerumist. Pikendab mootori eluiga.<\/p>\n<p>Lisa lihas\u00fcsteemi. Segatakse k\u00f5igi m\u00fc\u00fcgilolevate \u00f5lidega. Enne selle toote kasutamist soovitame \u00f5lis\u00fcsteemi puhastada PRO-TEC Engine Flush&#8217;iga.<\/p>\n","protected":false},"excerpt":{"rendered":"<p>P2121<\/p>\n","protected":false},"featured_media":104366,"comment_status":"open","ping_status":"closed","template":"","meta":{"colormag_page_container_layout":"default_layout","colormag_page_sidebar_layout":"default_layout"},"product_brand":[],"product_cat":[128],"product_tag":[],"class_list":{"0":"post-104369","1":"product","2":"type-product","3":"status-publish","4":"has-post-thumbnail","6":"product_cat-autokeemia","8":"first","9":"instock","10":"shipping-taxable","11":"purchasable","12":"product-type-simple"},"_links":{"self":[{"href":"https:\/\/automatic.ee\/ru\/wp-json\/wp\/v2\/product\/104369","targetHints":{"allow":["GET"]}}],"collection":[{"href":"https:\/\/automatic.ee\/ru\/wp-json\/wp\/v2\/product"}],"about":[{"href":"https:\/\/automatic.ee\/ru\/wp-json\/wp\/v2\/types\/product"}],"replies":[{"embeddable":true,"href":"https:\/\/automatic.ee\/ru\/wp-json\/wp\/v2\/comments?post=104369"}],"wp:featuredmedia":[{"embeddable":true,"href":"https:\/\/automatic.ee\/ru\/wp-json\/wp\/v2\/media\/104366"}],"wp:attachment":[{"href":"https:\/\/automatic.ee\/ru\/wp-json\/wp\/v2\/media?parent=104369"}],"wp:term":[{"taxonomy":"product_brand","embeddable":true,"href":"https:\/\/automatic.ee\/ru\/wp-json\/wp\/v2\/product_brand?post=104369"},{"taxonomy":"product_cat","embeddable":true,"href":"https:\/\/automatic.ee\/ru\/wp-json\/wp\/v2\/product_cat?post=104369"},{"taxonomy":"product_tag","embeddable":true,"href":"https:\/\/automatic.ee\/ru\/wp-json\/wp\/v2\/product_tag?post=104369"}],"curies":[{"name":"wp","href":"https:\/\/api.w.org\/{rel}","templated":true}]}}