{"id":104365,"date":"2025-11-04T03:28:40","date_gmt":"2025-11-04T01:28:40","guid":{"rendered":"https:\/\/automatic.ee\/toode\/hydraulic-lifter-care-375ml-pro-tec\/"},"modified":"2025-11-04T03:28:40","modified_gmt":"2025-11-04T01:28:40","slug":"hydraulic-lifter-care-375ml-pro-tec","status":"publish","type":"product","link":"https:\/\/automatic.ee\/ru\/toode\/hydraulic-lifter-care-375ml-pro-tec\/","title":{"rendered":"Hydraulic lifter care 375ml PRO-TEC"},"content":{"rendered":"<p>Klapipuhastaja puhastab h\u00fcdraulilised klapit\u00f5stukid ja k\u00f5rvaldab ebameeldivad koputavad helid. T\u00f5hus toode soodustab h\u00fcdrauliliste kraanide t\u00f6\u00f6kindlust ja optimaalset talitlust, v\u00e4hendab kulumist ja parandab k\u00fclma mootori k\u00e4ivitumist.<\/p>\n<p>P\u00e4rast iga \u00f5livahetust lisage uus \u00f5li.<\/p>\n","protected":false},"excerpt":{"rendered":"<p>P2131<\/p>\n","protected":false},"featured_media":104362,"comment_status":"open","ping_status":"closed","template":"","meta":{"colormag_page_container_layout":"default_layout","colormag_page_sidebar_layout":"default_layout"},"product_brand":[],"product_cat":[128],"product_tag":[],"class_list":{"0":"post-104365","1":"product","2":"type-product","3":"status-publish","4":"has-post-thumbnail","6":"product_cat-autokeemia","8":"first","9":"instock","10":"shipping-taxable","11":"purchasable","12":"product-type-simple"},"_links":{"self":[{"href":"https:\/\/automatic.ee\/ru\/wp-json\/wp\/v2\/product\/104365","targetHints":{"allow":["GET"]}}],"collection":[{"href":"https:\/\/automatic.ee\/ru\/wp-json\/wp\/v2\/product"}],"about":[{"href":"https:\/\/automatic.ee\/ru\/wp-json\/wp\/v2\/types\/product"}],"replies":[{"embeddable":true,"href":"https:\/\/automatic.ee\/ru\/wp-json\/wp\/v2\/comments?post=104365"}],"wp:featuredmedia":[{"embeddable":true,"href":"https:\/\/automatic.ee\/ru\/wp-json\/wp\/v2\/media\/104362"}],"wp:attachment":[{"href":"https:\/\/automatic.ee\/ru\/wp-json\/wp\/v2\/media?parent=104365"}],"wp:term":[{"taxonomy":"product_brand","embeddable":true,"href":"https:\/\/automatic.ee\/ru\/wp-json\/wp\/v2\/product_brand?post=104365"},{"taxonomy":"product_cat","embeddable":true,"href":"https:\/\/automatic.ee\/ru\/wp-json\/wp\/v2\/product_cat?post=104365"},{"taxonomy":"product_tag","embeddable":true,"href":"https:\/\/automatic.ee\/ru\/wp-json\/wp\/v2\/product_tag?post=104365"}],"curies":[{"name":"wp","href":"https:\/\/api.w.org\/{rel}","templated":true}]}}