{"id":104349,"date":"2025-11-04T03:28:22","date_gmt":"2025-11-04T01:28:22","guid":{"rendered":"https:\/\/automatic.ee\/toode\/cetane-booster-375ml-pro-tec\/"},"modified":"2025-11-04T03:28:22","modified_gmt":"2025-11-04T01:28:22","slug":"cetane-booster-375ml-pro-tec","status":"publish","type":"product","link":"https:\/\/automatic.ee\/ru\/toode\/cetane-booster-375ml-pro-tec\/","title":{"rendered":"CETANE BOOSTER 375ml PRO-TEC"},"content":{"rendered":"<p>Kvaliteetne toode diislik\u00fctuse tsetaanarvu t\u00f5stmiseks 5 \u00fchikuni. Soovitatav lisada madala kvaliteediga k\u00fctusele. Soodustab k\u00fctuse \u00fchtlast ja t\u00e4ielikku p\u00f5lemist, tagab lihtsa mootori k\u00e4ivitamise ja v\u00e4hendab tahma teket. M\u00f5eldud igat t\u00fc\u00fcpi diislik\u00fctuse jaoks.<\/p>\n<div><\/div>\n<div>Soovitatav k\u00f5igile diiselmootoritele, sealhulgas \u00fchisanum k\u00fctuse sissepritse ja turbo\u00fclelaaduriga mootoritele<\/div>\n<div><\/div>\n<div>Enne tankimist lisage see s\u00f5iduki k\u00fctusepaaki.<\/div>\n","protected":false},"excerpt":{"rendered":"<p>P2181<\/p>\n","protected":false},"featured_media":104346,"comment_status":"open","ping_status":"closed","template":"","meta":{"colormag_page_container_layout":"default_layout","colormag_page_sidebar_layout":"default_layout"},"product_brand":[],"product_cat":[128],"product_tag":[],"class_list":{"0":"post-104349","1":"product","2":"type-product","3":"status-publish","4":"has-post-thumbnail","6":"product_cat-autokeemia","8":"first","9":"instock","10":"shipping-taxable","11":"purchasable","12":"product-type-simple"},"_links":{"self":[{"href":"https:\/\/automatic.ee\/ru\/wp-json\/wp\/v2\/product\/104349","targetHints":{"allow":["GET"]}}],"collection":[{"href":"https:\/\/automatic.ee\/ru\/wp-json\/wp\/v2\/product"}],"about":[{"href":"https:\/\/automatic.ee\/ru\/wp-json\/wp\/v2\/types\/product"}],"replies":[{"embeddable":true,"href":"https:\/\/automatic.ee\/ru\/wp-json\/wp\/v2\/comments?post=104349"}],"wp:featuredmedia":[{"embeddable":true,"href":"https:\/\/automatic.ee\/ru\/wp-json\/wp\/v2\/media\/104346"}],"wp:attachment":[{"href":"https:\/\/automatic.ee\/ru\/wp-json\/wp\/v2\/media?parent=104349"}],"wp:term":[{"taxonomy":"product_brand","embeddable":true,"href":"https:\/\/automatic.ee\/ru\/wp-json\/wp\/v2\/product_brand?post=104349"},{"taxonomy":"product_cat","embeddable":true,"href":"https:\/\/automatic.ee\/ru\/wp-json\/wp\/v2\/product_cat?post=104349"},{"taxonomy":"product_tag","embeddable":true,"href":"https:\/\/automatic.ee\/ru\/wp-json\/wp\/v2\/product_tag?post=104349"}],"curies":[{"name":"wp","href":"https:\/\/api.w.org\/{rel}","templated":true}]}}