{"id":104345,"date":"2025-11-04T03:28:19","date_gmt":"2025-11-04T01:28:19","guid":{"rendered":"https:\/\/automatic.ee\/toode\/valvesinjection-cleaner-375ml-pro-tec\/"},"modified":"2025-11-04T03:28:19","modified_gmt":"2025-11-04T01:28:19","slug":"valvesinjection-cleaner-375ml-pro-tec","status":"publish","type":"product","link":"https:\/\/automatic.ee\/ru\/toode\/valvesinjection-cleaner-375ml-pro-tec\/","title":{"rendered":"VALVES&amp;INJECTION CLEANER 375ml PRO-TEC"},"content":{"rendered":"<p>Suure j\u00f5udlusega ventiilid ja sissepritsepuhastusvahend:<\/p>\n<div>Parandab mootori j\u00f5udlust<\/div>\n<div>Eemaldab k\u00f5ik s\u00fcsiniku ladestused ventiilidel ja p\u00f5lemiskambris<\/div>\n<div>Eemaldab saasteained kogu k\u00fctuse sissepritses\u00fcsteemi ulatuses<\/div>\n<div>Tagab puhta ja v\u00f5imsa p\u00f5lemise<\/div>\n<div>V\u00e4hendab p\u00f5lemisj\u00e4\u00e4kide heitkoguseid<\/div>\n<p>Enne tankimist lisage see k\u00fctuses\u00fcsteemi iga 6 kuu tagant. Sobib 80 liitri k\u00fctuse jaoks.<\/p>\n<div>Tagab s\u00fcstimisdoosi optimeerimise ja p\u00f5leva segu moodustumise<\/div>\n<div>Tagab optimaalse mootorikaitse, pikendab mootori t\u00f6\u00f6iga, tagab mootori pehme ja sujuva t\u00f6\u00f6.<\/div>\n","protected":false},"excerpt":{"rendered":"<p>P2233<\/p>\n","protected":false},"featured_media":104342,"comment_status":"open","ping_status":"closed","template":"","meta":{"colormag_page_container_layout":"default_layout","colormag_page_sidebar_layout":"default_layout"},"product_brand":[],"product_cat":[128],"product_tag":[],"class_list":{"0":"post-104345","1":"product","2":"type-product","3":"status-publish","4":"has-post-thumbnail","6":"product_cat-autokeemia","8":"first","9":"instock","10":"shipping-taxable","11":"purchasable","12":"product-type-simple"},"_links":{"self":[{"href":"https:\/\/automatic.ee\/ru\/wp-json\/wp\/v2\/product\/104345","targetHints":{"allow":["GET"]}}],"collection":[{"href":"https:\/\/automatic.ee\/ru\/wp-json\/wp\/v2\/product"}],"about":[{"href":"https:\/\/automatic.ee\/ru\/wp-json\/wp\/v2\/types\/product"}],"replies":[{"embeddable":true,"href":"https:\/\/automatic.ee\/ru\/wp-json\/wp\/v2\/comments?post=104345"}],"wp:featuredmedia":[{"embeddable":true,"href":"https:\/\/automatic.ee\/ru\/wp-json\/wp\/v2\/media\/104342"}],"wp:attachment":[{"href":"https:\/\/automatic.ee\/ru\/wp-json\/wp\/v2\/media?parent=104345"}],"wp:term":[{"taxonomy":"product_brand","embeddable":true,"href":"https:\/\/automatic.ee\/ru\/wp-json\/wp\/v2\/product_brand?post=104345"},{"taxonomy":"product_cat","embeddable":true,"href":"https:\/\/automatic.ee\/ru\/wp-json\/wp\/v2\/product_cat?post=104345"},{"taxonomy":"product_tag","embeddable":true,"href":"https:\/\/automatic.ee\/ru\/wp-json\/wp\/v2\/product_tag?post=104345"}],"curies":[{"name":"wp","href":"https:\/\/api.w.org\/{rel}","templated":true}]}}