{"id":104337,"date":"2025-11-04T03:28:11","date_gmt":"2025-11-04T01:28:11","guid":{"rendered":"https:\/\/automatic.ee\/toode\/interior-care-500ml-pro-tec\/"},"modified":"2025-11-04T03:28:11","modified_gmt":"2025-11-04T01:28:11","slug":"interior-care-500ml-pro-tec","status":"publish","type":"product","link":"https:\/\/automatic.ee\/ru\/toode\/interior-care-500ml-pro-tec\/","title":{"rendered":"INTERIOR CARE 500ml PRO-TEC"},"content":{"rendered":"<p>Interior Care on \u00fcliaktiivne aerosool, mis puhastab ja s\u00e4ilitab s\u00fcnteetilisi materjale, nahka ja kummi. Sellel on antistaatilised vett- ja tolmuh\u00fclgavad omadused. Kaitseb ultraviolettkiirte m\u00f5ju eest. Hoiab \u00e4ra l\u00e4bip\u00f5lemise<\/p>\n<p>Enne kasutamist loksutage korralikult. Kandke t\u00f6\u00f6deldavale pinnale.<\/p>\n","protected":false},"excerpt":{"rendered":"<p>P2301<\/p>\n","protected":false},"featured_media":104334,"comment_status":"open","ping_status":"closed","template":"","meta":{"colormag_page_container_layout":"default_layout","colormag_page_sidebar_layout":"default_layout"},"product_brand":[],"product_cat":[128],"product_tag":[],"class_list":{"0":"post-104337","1":"product","2":"type-product","3":"status-publish","4":"has-post-thumbnail","6":"product_cat-autokeemia","8":"first","9":"instock","10":"shipping-taxable","11":"purchasable","12":"product-type-simple"},"_links":{"self":[{"href":"https:\/\/automatic.ee\/ru\/wp-json\/wp\/v2\/product\/104337","targetHints":{"allow":["GET"]}}],"collection":[{"href":"https:\/\/automatic.ee\/ru\/wp-json\/wp\/v2\/product"}],"about":[{"href":"https:\/\/automatic.ee\/ru\/wp-json\/wp\/v2\/types\/product"}],"replies":[{"embeddable":true,"href":"https:\/\/automatic.ee\/ru\/wp-json\/wp\/v2\/comments?post=104337"}],"wp:featuredmedia":[{"embeddable":true,"href":"https:\/\/automatic.ee\/ru\/wp-json\/wp\/v2\/media\/104334"}],"wp:attachment":[{"href":"https:\/\/automatic.ee\/ru\/wp-json\/wp\/v2\/media?parent=104337"}],"wp:term":[{"taxonomy":"product_brand","embeddable":true,"href":"https:\/\/automatic.ee\/ru\/wp-json\/wp\/v2\/product_brand?post=104337"},{"taxonomy":"product_cat","embeddable":true,"href":"https:\/\/automatic.ee\/ru\/wp-json\/wp\/v2\/product_cat?post=104337"},{"taxonomy":"product_tag","embeddable":true,"href":"https:\/\/automatic.ee\/ru\/wp-json\/wp\/v2\/product_tag?post=104337"}],"curies":[{"name":"wp","href":"https:\/\/api.w.org\/{rel}","templated":true}]}}