{"id":104325,"date":"2025-11-04T03:27:58","date_gmt":"2025-11-04T01:27:58","guid":{"rendered":"https:\/\/automatic.ee\/toode\/white-grease-500ml-pro-tec\/"},"modified":"2025-11-04T03:27:58","modified_gmt":"2025-11-04T01:27:58","slug":"white-grease-500ml-pro-tec","status":"publish","type":"product","link":"https:\/\/automatic.ee\/ru\/toode\/white-grease-500ml-pro-tec\/","title":{"rendered":"WHITE GREASE 500ml PRO-TEC"},"content":{"rendered":"<p>Pihustatav m\u00e4\u00e4rdeaine sisaldab tefloni. See on vetth\u00fclgav ja vastupidav hapetele ja k\u00f5rgetele temperatuuridele. Hoiab \u00e4ra korrosiooni. Toodet saab kasutada k\u00f5igi hingede, terastrosside, kaablite, rullide, poltide, kettide ja pidurite jms puhul.<\/p>\n<p>Enne kasutamist loksutage korralikult. Pihustage \u00fchtlaselt 20-30 cm kauguselt m\u00e4\u00e4ritavatele pindadele. Kasutage raskesti ligip\u00e4\u00e4setavate kohtade jaoks pikendusjuhet. P\u00f6\u00f6rake m\u00e4\u00e4ritud pindu mitu sekundit, et moodustada \u00fchtlane kiht.<\/p>\n","protected":false},"excerpt":{"rendered":"<p>P2701<\/p>\n","protected":false},"featured_media":104322,"comment_status":"open","ping_status":"closed","template":"","meta":{"colormag_page_container_layout":"default_layout","colormag_page_sidebar_layout":"default_layout"},"product_brand":[],"product_cat":[128],"product_tag":[],"class_list":{"0":"post-104325","1":"product","2":"type-product","3":"status-publish","4":"has-post-thumbnail","6":"product_cat-autokeemia","8":"first","9":"instock","10":"shipping-taxable","11":"purchasable","12":"product-type-simple"},"_links":{"self":[{"href":"https:\/\/automatic.ee\/ru\/wp-json\/wp\/v2\/product\/104325","targetHints":{"allow":["GET"]}}],"collection":[{"href":"https:\/\/automatic.ee\/ru\/wp-json\/wp\/v2\/product"}],"about":[{"href":"https:\/\/automatic.ee\/ru\/wp-json\/wp\/v2\/types\/product"}],"replies":[{"embeddable":true,"href":"https:\/\/automatic.ee\/ru\/wp-json\/wp\/v2\/comments?post=104325"}],"wp:featuredmedia":[{"embeddable":true,"href":"https:\/\/automatic.ee\/ru\/wp-json\/wp\/v2\/media\/104322"}],"wp:attachment":[{"href":"https:\/\/automatic.ee\/ru\/wp-json\/wp\/v2\/media?parent=104325"}],"wp:term":[{"taxonomy":"product_brand","embeddable":true,"href":"https:\/\/automatic.ee\/ru\/wp-json\/wp\/v2\/product_brand?post=104325"},{"taxonomy":"product_cat","embeddable":true,"href":"https:\/\/automatic.ee\/ru\/wp-json\/wp\/v2\/product_cat?post=104325"},{"taxonomy":"product_tag","embeddable":true,"href":"https:\/\/automatic.ee\/ru\/wp-json\/wp\/v2\/product_tag?post=104325"}],"curies":[{"name":"wp","href":"https:\/\/api.w.org\/{rel}","templated":true}]}}