{"id":104321,"date":"2025-11-04T03:27:54","date_gmt":"2025-11-04T01:27:54","guid":{"rendered":"https:\/\/automatic.ee\/toode\/throttle-body-cleaner-500ml-pro-tec\/"},"modified":"2025-11-04T03:27:54","modified_gmt":"2025-11-04T01:27:54","slug":"throttle-body-cleaner-500ml-pro-tec","status":"publish","type":"product","link":"https:\/\/automatic.ee\/ru\/toode\/throttle-body-cleaner-500ml-pro-tec\/","title":{"rendered":"THROTTLE BODY CLEANER 500ml PRO-TEC"},"content":{"rendered":"<p>Drosselklapi puhastusvahend eemaldab liimid, vaigud, s\u00fcsinikuj\u00e4\u00e4gid, rasvaladestused ja mustuse. Seob tervisele ohtlikke tahmaj\u00e4\u00e4ke, puhastab elektrikontakte.Kasutusala: drosselventiilide, ventiilide jms puhastamine.<\/p>\n<p>Enne kasutamist loksutada! Pihustage toodet puhastatavatele pindadele. Toode tagab kohese puhastamise ja kuivab m\u00f5ne sekundiga.<\/p>\n","protected":false},"excerpt":{"rendered":"<p>P2801<\/p>\n","protected":false},"featured_media":104318,"comment_status":"open","ping_status":"closed","template":"","meta":{"colormag_page_container_layout":"default_layout","colormag_page_sidebar_layout":"default_layout"},"product_brand":[],"product_cat":[128],"product_tag":[],"class_list":{"0":"post-104321","1":"product","2":"type-product","3":"status-publish","4":"has-post-thumbnail","6":"product_cat-autokeemia","8":"first","9":"instock","10":"shipping-taxable","11":"purchasable","12":"product-type-simple"},"_links":{"self":[{"href":"https:\/\/automatic.ee\/ru\/wp-json\/wp\/v2\/product\/104321","targetHints":{"allow":["GET"]}}],"collection":[{"href":"https:\/\/automatic.ee\/ru\/wp-json\/wp\/v2\/product"}],"about":[{"href":"https:\/\/automatic.ee\/ru\/wp-json\/wp\/v2\/types\/product"}],"replies":[{"embeddable":true,"href":"https:\/\/automatic.ee\/ru\/wp-json\/wp\/v2\/comments?post=104321"}],"wp:featuredmedia":[{"embeddable":true,"href":"https:\/\/automatic.ee\/ru\/wp-json\/wp\/v2\/media\/104318"}],"wp:attachment":[{"href":"https:\/\/automatic.ee\/ru\/wp-json\/wp\/v2\/media?parent=104321"}],"wp:term":[{"taxonomy":"product_brand","embeddable":true,"href":"https:\/\/automatic.ee\/ru\/wp-json\/wp\/v2\/product_brand?post=104321"},{"taxonomy":"product_cat","embeddable":true,"href":"https:\/\/automatic.ee\/ru\/wp-json\/wp\/v2\/product_cat?post=104321"},{"taxonomy":"product_tag","embeddable":true,"href":"https:\/\/automatic.ee\/ru\/wp-json\/wp\/v2\/product_tag?post=104321"}],"curies":[{"name":"wp","href":"https:\/\/api.w.org\/{rel}","templated":true}]}}