{"id":104309,"date":"2025-11-04T03:27:44","date_gmt":"2025-11-04T01:27:44","guid":{"rendered":"https:\/\/automatic.ee\/toode\/ohulugeja-puhastusvahend-500ml-pro-tec\/"},"modified":"2025-11-04T03:27:44","modified_gmt":"2025-11-04T01:27:44","slug":"ohulugeja-puhastusvahend-500ml-pro-tec","status":"publish","type":"product","link":"https:\/\/automatic.ee\/ru\/toode\/ohulugeja-puhastusvahend-500ml-pro-tec\/","title":{"rendered":"\u00d5HULUGEJA PUHASTUSVAHEND 500ml PRO-TEC"},"content":{"rendered":"<p>\u00dchendage lahti \u00f5huvoolum\u00f5\u00f5turi elektri\u00fchendused ja eemaldage \u00f5huvoolum\u00f5\u00f5tur.<\/p>\n<div>Pihustage m\u00e4\u00e4rdunud osad (niit ja laast) p\u00f5hjalikult ja laske mustusel n\u00f5rguda.<\/div>\n<div>\u00c4rge puudutage paigaldamise ajal \u00f5huvoolum\u00f5\u00f5turi k\u00f5ige tundlikumaid pindu k\u00e4tega!<\/div>\n<p>See spetsiaalselt loodud \u00fclit\u00f5hus puhastussprei suudab kiiresti ja \u00f5rnalt puhastada bensiini- ja diiselmootorite massi\u00f5huvooluandurite saastetundlikke osi!<\/p>\n","protected":false},"excerpt":{"rendered":"<p>P2965<\/p>\n","protected":false},"featured_media":104306,"comment_status":"open","ping_status":"closed","template":"","meta":{"colormag_page_container_layout":"default_layout","colormag_page_sidebar_layout":"default_layout"},"product_brand":[],"product_cat":[128],"product_tag":[],"class_list":{"0":"post-104309","1":"product","2":"type-product","3":"status-publish","4":"has-post-thumbnail","6":"product_cat-autokeemia","8":"first","9":"instock","10":"shipping-taxable","11":"purchasable","12":"product-type-simple"},"_links":{"self":[{"href":"https:\/\/automatic.ee\/ru\/wp-json\/wp\/v2\/product\/104309","targetHints":{"allow":["GET"]}}],"collection":[{"href":"https:\/\/automatic.ee\/ru\/wp-json\/wp\/v2\/product"}],"about":[{"href":"https:\/\/automatic.ee\/ru\/wp-json\/wp\/v2\/types\/product"}],"replies":[{"embeddable":true,"href":"https:\/\/automatic.ee\/ru\/wp-json\/wp\/v2\/comments?post=104309"}],"wp:featuredmedia":[{"embeddable":true,"href":"https:\/\/automatic.ee\/ru\/wp-json\/wp\/v2\/media\/104306"}],"wp:attachment":[{"href":"https:\/\/automatic.ee\/ru\/wp-json\/wp\/v2\/media?parent=104309"}],"wp:term":[{"taxonomy":"product_brand","embeddable":true,"href":"https:\/\/automatic.ee\/ru\/wp-json\/wp\/v2\/product_brand?post=104309"},{"taxonomy":"product_cat","embeddable":true,"href":"https:\/\/automatic.ee\/ru\/wp-json\/wp\/v2\/product_cat?post=104309"},{"taxonomy":"product_tag","embeddable":true,"href":"https:\/\/automatic.ee\/ru\/wp-json\/wp\/v2\/product_tag?post=104309"}],"curies":[{"name":"wp","href":"https:\/\/api.w.org\/{rel}","templated":true}]}}