{"id":104305,"date":"2025-11-04T03:27:41","date_gmt":"2025-11-04T01:27:41","guid":{"rendered":"https:\/\/automatic.ee\/toode\/power-lube-nano-tec-500ml-pro-tec\/"},"modified":"2025-11-04T03:27:41","modified_gmt":"2025-11-04T01:27:41","slug":"power-lube-nano-tec-500ml-pro-tec","status":"publish","type":"product","link":"https:\/\/automatic.ee\/ru\/toode\/power-lube-nano-tec-500ml-pro-tec\/","title":{"rendered":"POWER LUBE NANO TEC 500ml PRO-TEC"},"content":{"rendered":"<p>Mitmeotstarbeline m\u00e4\u00e4rdeaine tagab liikuvate osade vahel \u00e4\u00e4rmiselt t\u00f5husa h\u00f5\u00f5rdet\u00f5kke. See efekt saavutati t\u00e4nu spetsiaalselt disainitud nano-automaatsetele klastritele, mille p\u00f5hiomaduseks on nende k\u00f5rgeim kaitsetase h\u00f5\u00f5rdumise ja kulumise eest.<\/p>\n<p>Enne kasutamist loksutage korralikult, puhastage hoolikalt osad, millele materjal kantakse. Seej\u00e4rel kandke toode \u00fchtlaselt soovitud osadele\/osadele ja oodake m\u00f5nda aega, kuni toode pinnale k\u00f5ige t\u00f5husamalt kinnitub.<\/p>\n","protected":false},"excerpt":{"rendered":"<p>P2971<\/p>\n","protected":false},"featured_media":104302,"comment_status":"open","ping_status":"closed","template":"","meta":{"colormag_page_container_layout":"default_layout","colormag_page_sidebar_layout":"default_layout"},"product_brand":[],"product_cat":[128],"product_tag":[],"class_list":{"0":"post-104305","1":"product","2":"type-product","3":"status-publish","4":"has-post-thumbnail","6":"product_cat-autokeemia","8":"first","9":"instock","10":"shipping-taxable","11":"purchasable","12":"product-type-simple"},"_links":{"self":[{"href":"https:\/\/automatic.ee\/ru\/wp-json\/wp\/v2\/product\/104305","targetHints":{"allow":["GET"]}}],"collection":[{"href":"https:\/\/automatic.ee\/ru\/wp-json\/wp\/v2\/product"}],"about":[{"href":"https:\/\/automatic.ee\/ru\/wp-json\/wp\/v2\/types\/product"}],"replies":[{"embeddable":true,"href":"https:\/\/automatic.ee\/ru\/wp-json\/wp\/v2\/comments?post=104305"}],"wp:featuredmedia":[{"embeddable":true,"href":"https:\/\/automatic.ee\/ru\/wp-json\/wp\/v2\/media\/104302"}],"wp:attachment":[{"href":"https:\/\/automatic.ee\/ru\/wp-json\/wp\/v2\/media?parent=104305"}],"wp:term":[{"taxonomy":"product_brand","embeddable":true,"href":"https:\/\/automatic.ee\/ru\/wp-json\/wp\/v2\/product_brand?post=104305"},{"taxonomy":"product_cat","embeddable":true,"href":"https:\/\/automatic.ee\/ru\/wp-json\/wp\/v2\/product_cat?post=104305"},{"taxonomy":"product_tag","embeddable":true,"href":"https:\/\/automatic.ee\/ru\/wp-json\/wp\/v2\/product_tag?post=104305"}],"curies":[{"name":"wp","href":"https:\/\/api.w.org\/{rel}","templated":true}]}}