{"id":104297,"date":"2025-11-04T03:27:34","date_gmt":"2025-11-04T01:27:34","guid":{"rendered":"https:\/\/automatic.ee\/toode\/mootori-sisepesu-375-ml-pro-tec\/"},"modified":"2025-11-04T03:27:34","modified_gmt":"2025-11-04T01:27:34","slug":"mootori-sisepesu-375-ml-pro-tec","status":"publish","type":"product","link":"https:\/\/automatic.ee\/ru\/toode\/mootori-sisepesu-375-ml-pro-tec\/","title":{"rendered":"MOOTORI SISEPESU 375 ml PRO-TEC"},"content":{"rendered":"<p>Pro-Tec Engine Interior Cleaner Hybrid eemaldab t\u00f6\u00f6korras mustuse ja t\u00f5rva kogu h\u00fcbriids\u00f5idukite \u00f5li- ja m\u00e4\u00e4rdes\u00fcsteemist. Olles molekulaarselt lahustunud (ja mitte lihtsalt lahustunud!), eemaldab see t\u00e4ielikult k\u00f5ik ladestused ja koksi kolvir\u00f5ngastelt ja silindri \u00fclemisest ruumist. Neutraliseerib kahjulikud mootorihapped, tagades seel\u00e4bi sisep\u00f5lemismootori k\u00f5igi komponentide t\u00f5husa m\u00e4\u00e4rimise. Toote eriline m\u00e4\u00e4rdev\u00f5ime on eriti oluline h\u00fcbriidmootorite sagedasemate k\u00fclmk\u00e4ivituste ajal.<\/p>\n<div>&#8212; k\u00fctusekulu v\u00e4heneb<\/div>\n<div><\/div>\n<div>&#8212; mootori j\u00f5udlus paraneb<\/div>\n<div><\/div>\n<div>&#8212; kulumine v\u00e4heneb<\/div>\n<div><\/div>\n<div>&#8212; pikendab katal\u00fcsaatori kasutusiga<\/div>\n","protected":false},"excerpt":{"rendered":"<p>P6040<\/p>\n","protected":false},"featured_media":104294,"comment_status":"open","ping_status":"closed","template":"","meta":{"colormag_page_container_layout":"default_layout","colormag_page_sidebar_layout":"default_layout"},"product_brand":[],"product_cat":[128],"product_tag":[],"class_list":{"0":"post-104297","1":"product","2":"type-product","3":"status-publish","4":"has-post-thumbnail","6":"product_cat-autokeemia","8":"first","9":"instock","10":"shipping-taxable","11":"purchasable","12":"product-type-simple"},"_links":{"self":[{"href":"https:\/\/automatic.ee\/ru\/wp-json\/wp\/v2\/product\/104297","targetHints":{"allow":["GET"]}}],"collection":[{"href":"https:\/\/automatic.ee\/ru\/wp-json\/wp\/v2\/product"}],"about":[{"href":"https:\/\/automatic.ee\/ru\/wp-json\/wp\/v2\/types\/product"}],"replies":[{"embeddable":true,"href":"https:\/\/automatic.ee\/ru\/wp-json\/wp\/v2\/comments?post=104297"}],"wp:featuredmedia":[{"embeddable":true,"href":"https:\/\/automatic.ee\/ru\/wp-json\/wp\/v2\/media\/104294"}],"wp:attachment":[{"href":"https:\/\/automatic.ee\/ru\/wp-json\/wp\/v2\/media?parent=104297"}],"wp:term":[{"taxonomy":"product_brand","embeddable":true,"href":"https:\/\/automatic.ee\/ru\/wp-json\/wp\/v2\/product_brand?post=104297"},{"taxonomy":"product_cat","embeddable":true,"href":"https:\/\/automatic.ee\/ru\/wp-json\/wp\/v2\/product_cat?post=104297"},{"taxonomy":"product_tag","embeddable":true,"href":"https:\/\/automatic.ee\/ru\/wp-json\/wp\/v2\/product_tag?post=104297"}],"curies":[{"name":"wp","href":"https:\/\/api.w.org\/{rel}","templated":true}]}}