{"id":104293,"date":"2025-11-04T03:27:31","date_gmt":"2025-11-04T01:27:31","guid":{"rendered":"https:\/\/automatic.ee\/toode\/dpf-filtri-pesuaine-1l-pro-tec\/"},"modified":"2025-11-04T03:27:31","modified_gmt":"2025-11-04T01:27:31","slug":"dpf-filtri-pesuaine-1l-pro-tec","status":"publish","type":"product","link":"https:\/\/automatic.ee\/ru\/toode\/dpf-filtri-pesuaine-1l-pro-tec\/","title":{"rendered":"DPF FILTRI PESUAINE 1l. PRO-TEC"},"content":{"rendered":"<p>T\u00f5hus puhastusvahend, mis lahendab tahkete osakeste filtri pesemise probleemi ning eemaldab k\u00f5ik tahmaj\u00e4\u00e4gid ja p\u00f5lemisj\u00e4\u00e4gid. DPF Flushing Liquid on \u00f5rna puhastava toimega ning sobib k\u00f5ikidele magneesiumi-, tsingi- ja kaadmiumipindadele. Toodet saab kasutada t\u00e4iesti uue p\u00f5lvkonna tahkete osakeste filtrite jaoks.<\/p>\n<p>1. Eemaldage tahkete osakeste filter ja sulgege \u00fcks filtriava.<\/p>\n<div>2. T\u00e4itke filter pesuvedelikuga<\/div>\n<div>3. Laske sellel t\u00f6\u00f6tada umbes 10 tundi, aeg-ajalt filtrit raputades<\/div>\n<div>4. P\u00e4rast puhastusprotsessi loputage filtrit puhta sooja veega<\/div>\n<div>5. Paigaldage filter tagasi, lisage k\u00fctusepaaki DPF Super Clean ja tehke proovis\u00f5itu v\u00e4hemalt 20 minutit.<\/div>\n","protected":false},"excerpt":{"rendered":"<p>P6161<\/p>\n","protected":false},"featured_media":104290,"comment_status":"open","ping_status":"closed","template":"","meta":{"colormag_page_container_layout":"default_layout","colormag_page_sidebar_layout":"default_layout"},"product_brand":[],"product_cat":[128],"product_tag":[],"class_list":{"0":"post-104293","1":"product","2":"type-product","3":"status-publish","4":"has-post-thumbnail","6":"product_cat-autokeemia","8":"first","9":"instock","10":"shipping-taxable","11":"purchasable","12":"product-type-simple"},"_links":{"self":[{"href":"https:\/\/automatic.ee\/ru\/wp-json\/wp\/v2\/product\/104293","targetHints":{"allow":["GET"]}}],"collection":[{"href":"https:\/\/automatic.ee\/ru\/wp-json\/wp\/v2\/product"}],"about":[{"href":"https:\/\/automatic.ee\/ru\/wp-json\/wp\/v2\/types\/product"}],"replies":[{"embeddable":true,"href":"https:\/\/automatic.ee\/ru\/wp-json\/wp\/v2\/comments?post=104293"}],"wp:featuredmedia":[{"embeddable":true,"href":"https:\/\/automatic.ee\/ru\/wp-json\/wp\/v2\/media\/104290"}],"wp:attachment":[{"href":"https:\/\/automatic.ee\/ru\/wp-json\/wp\/v2\/media?parent=104293"}],"wp:term":[{"taxonomy":"product_brand","embeddable":true,"href":"https:\/\/automatic.ee\/ru\/wp-json\/wp\/v2\/product_brand?post=104293"},{"taxonomy":"product_cat","embeddable":true,"href":"https:\/\/automatic.ee\/ru\/wp-json\/wp\/v2\/product_cat?post=104293"},{"taxonomy":"product_tag","embeddable":true,"href":"https:\/\/automatic.ee\/ru\/wp-json\/wp\/v2\/product_tag?post=104293"}],"curies":[{"name":"wp","href":"https:\/\/api.w.org\/{rel}","templated":true}]}}