{"id":111949,"date":"2025-11-04T06:11:53","date_gmt":"2025-11-04T04:11:53","guid":{"rendered":"https:\/\/automatic.ee\/toode\/generaator-bosch-40\/"},"modified":"2025-11-04T06:11:53","modified_gmt":"2025-11-04T04:11:53","slug":"generaator-bosch-40","status":"publish","type":"product","link":"https:\/\/automatic.ee\/en\/toode\/generaator-bosch-40\/","title":{"rendered":"GENERAATOR BOSCH"},"content":{"rendered":"<p><span class=\"relative -mx-px my-[-0.2rem] rounded px-px py-[0.2rem] transition-colors duration-100 ease-in-out\">Pinge: 14\u202fV<br \/><\/span><span class=\"relative -mx-px my-[-0.2rem] rounded px-px py-[0.2rem] transition-colors duration-100 ease-in-out\">Laadimisvool: 150\u202fA<br \/><\/span><span class=\"relative -mx-px my-[-0.2rem] rounded px-px py-[0.2rem] transition-colors duration-100 ease-in-out\">Rihmaratas: \u00d8\u202f54,4\u202fmm, 6 soontega, vaba rihmaratas<br \/><\/span><span class=\"relative -mx-px my-[-0.2rem] rounded px-px py-[0.2rem] transition-colors duration-100 ease-in-out\">\u00dchenduse t\u00fc\u00fcp: D+ (M5), B2+ (M8)<br \/><\/span><span class=\"relative -mx-px my-[-0.2rem] rounded px-px py-[0.2rem] transition-colors duration-100 ease-in-out\">Korpuse pikkus: 184\u202fmm<br \/><\/span><span class=\"relative -mx-px my-[-0.2rem] rounded px-px py-[0.2rem] transition-colors duration-100 ease-in-out\">Kaal: umbes 7\u20137,4\u202fkg<br \/><\/span>P\u00f6\u00f6rlemissuund: p\u00e4rip\u00e4eva<br \/>Funktsioon: ilma vaakumpumbata<\/p>\n<p><\/p>\n<li><span class=\"relative -mx-px my-[-0.2rem] rounded px-px py-[0.2rem] transition-colors duration-100 ease-in-out\">Citro\u00ebn C5, C3, C8 (2.0\u20132.2\u202fHDi diisel)<\/span><\/li>\n<li> <span class=\"relative -mx-px my-[-0.2rem] rounded px-px py-[0.2rem] transition-colors duration-100 ease-in-out\">Peugeot Partner, Expert (2.0\u202fHDi)<\/span><\/li>\n<li> <span class=\"relative -mx-px my-[-0.2rem] rounded px-px py-[0.2rem] transition-colors duration-100 ease-in-out\">Suzuki Grand\u202fVitara 2.0\u202fTD (1998\u20132003)<\/span><\/li>\n","protected":false},"excerpt":{"rendered":"<p>0986044400<\/p>\n","protected":false},"featured_media":111946,"comment_status":"open","ping_status":"closed","template":"","meta":{"colormag_page_container_layout":"default_layout","colormag_page_sidebar_layout":"default_layout"},"product_brand":[],"product_cat":[108],"product_tag":[],"class_list":{"0":"post-111949","1":"product","2":"type-product","3":"status-publish","4":"has-post-thumbnail","6":"product_cat-misc","8":"first","9":"instock","10":"shipping-taxable","11":"purchasable","12":"product-type-simple"},"_links":{"self":[{"href":"https:\/\/automatic.ee\/en\/wp-json\/wp\/v2\/product\/111949","targetHints":{"allow":["GET"]}}],"collection":[{"href":"https:\/\/automatic.ee\/en\/wp-json\/wp\/v2\/product"}],"about":[{"href":"https:\/\/automatic.ee\/en\/wp-json\/wp\/v2\/types\/product"}],"replies":[{"embeddable":true,"href":"https:\/\/automatic.ee\/en\/wp-json\/wp\/v2\/comments?post=111949"}],"wp:featuredmedia":[{"embeddable":true,"href":"https:\/\/automatic.ee\/en\/wp-json\/wp\/v2\/media\/111946"}],"wp:attachment":[{"href":"https:\/\/automatic.ee\/en\/wp-json\/wp\/v2\/media?parent=111949"}],"wp:term":[{"taxonomy":"product_brand","embeddable":true,"href":"https:\/\/automatic.ee\/en\/wp-json\/wp\/v2\/product_brand?post=111949"},{"taxonomy":"product_cat","embeddable":true,"href":"https:\/\/automatic.ee\/en\/wp-json\/wp\/v2\/product_cat?post=111949"},{"taxonomy":"product_tag","embeddable":true,"href":"https:\/\/automatic.ee\/en\/wp-json\/wp\/v2\/product_tag?post=111949"}],"curies":[{"name":"wp","href":"https:\/\/api.w.org\/{rel}","templated":true}]}}