{"id":111881,"date":"2025-11-04T06:10:19","date_gmt":"2025-11-04T04:10:19","guid":{"rendered":"https:\/\/automatic.ee\/toode\/generaator-bosch-23\/"},"modified":"2025-11-04T06:10:19","modified_gmt":"2025-11-04T04:10:19","slug":"generaator-bosch-23","status":"publish","type":"product","link":"https:\/\/automatic.ee\/en\/toode\/generaator-bosch-23\/","title":{"rendered":"GENERAATOR BOSCH"},"content":{"rendered":"<p>Pinge: 14\u202fV<br \/>Laadimisvool: 150\u202fA<br \/>Rihmaratas: \u00d8\u202f50\u202fmm, 5 soont, vaba rihmaratas<br \/>\u00dchenduse t\u00fc\u00fcp: PL125, B+ (M8), COM<br \/>Korpuse pikkus: 187\u202fmm, kaal umbes 6\u20137\u202fkg<br \/>P\u00f6\u00f6rlemissuund: p\u00e4rip\u00e4eva<br \/>Funktsioon: ilma vaakumpumbata<\/p>\n<li>Mercedes-Benz <strong>A\u2011klass W169<\/strong> (2.0 CDI OM640)<\/li>\n<li> Mercedes-Benz <strong>B\u2011klass W245<\/strong> (2.0 CDI OM640)<\/li>\n<li> Mercedes-Benz <strong>C\u2011klass W204 \/ S204<\/strong> (2.0 CDI OM640)<\/li>\n","protected":false},"excerpt":{"rendered":"<p>0986080040<\/p>\n","protected":false},"featured_media":111878,"comment_status":"open","ping_status":"closed","template":"","meta":{"colormag_page_container_layout":"default_layout","colormag_page_sidebar_layout":"default_layout"},"product_brand":[],"product_cat":[108],"product_tag":[],"class_list":{"0":"post-111881","1":"product","2":"type-product","3":"status-publish","4":"has-post-thumbnail","6":"product_cat-misc","8":"first","9":"instock","10":"shipping-taxable","11":"purchasable","12":"product-type-simple"},"_links":{"self":[{"href":"https:\/\/automatic.ee\/en\/wp-json\/wp\/v2\/product\/111881","targetHints":{"allow":["GET"]}}],"collection":[{"href":"https:\/\/automatic.ee\/en\/wp-json\/wp\/v2\/product"}],"about":[{"href":"https:\/\/automatic.ee\/en\/wp-json\/wp\/v2\/types\/product"}],"replies":[{"embeddable":true,"href":"https:\/\/automatic.ee\/en\/wp-json\/wp\/v2\/comments?post=111881"}],"wp:featuredmedia":[{"embeddable":true,"href":"https:\/\/automatic.ee\/en\/wp-json\/wp\/v2\/media\/111878"}],"wp:attachment":[{"href":"https:\/\/automatic.ee\/en\/wp-json\/wp\/v2\/media?parent=111881"}],"wp:term":[{"taxonomy":"product_brand","embeddable":true,"href":"https:\/\/automatic.ee\/en\/wp-json\/wp\/v2\/product_brand?post=111881"},{"taxonomy":"product_cat","embeddable":true,"href":"https:\/\/automatic.ee\/en\/wp-json\/wp\/v2\/product_cat?post=111881"},{"taxonomy":"product_tag","embeddable":true,"href":"https:\/\/automatic.ee\/en\/wp-json\/wp\/v2\/product_tag?post=111881"}],"curies":[{"name":"wp","href":"https:\/\/api.w.org\/{rel}","templated":true}]}}