{"id":111709,"date":"2025-11-04T06:07:08","date_gmt":"2025-11-04T04:07:08","guid":{"rendered":"https:\/\/automatic.ee\/toode\/putukajaakide-eemaldusvahend-pihustiga-500ml\/"},"modified":"2025-11-04T06:07:08","modified_gmt":"2025-11-04T04:07:08","slug":"putukajaakide-eemaldusvahend-pihustiga-500ml","status":"publish","type":"product","link":"https:\/\/automatic.ee\/en\/toode\/putukajaakide-eemaldusvahend-pihustiga-500ml\/","title":{"rendered":"PUTUKAJ\u00c4\u00c4KIDE EEMALDUSVAHEND PIHUSTIGA 500ML"},"content":{"rendered":"<p>Kasutusala:<\/p>\n<div>Eemaldab kergesti putukaj\u00e4\u00e4gid v\u00e4rvitud pindadelt, kaitseraudadelt, radiaatoriv\u00f5relt, esituledelt ja esiklaasidelt<\/div>\n","protected":false},"excerpt":{"rendered":"<p>1004926 BERNER<\/p>\n","protected":false},"featured_media":111706,"comment_status":"open","ping_status":"closed","template":"","meta":{"colormag_page_container_layout":"default_layout","colormag_page_sidebar_layout":"default_layout"},"product_brand":[],"product_cat":[108],"product_tag":[],"class_list":{"0":"post-111709","1":"product","2":"type-product","3":"status-publish","4":"has-post-thumbnail","6":"product_cat-misc","8":"first","9":"instock","10":"shipping-taxable","11":"purchasable","12":"product-type-simple"},"_links":{"self":[{"href":"https:\/\/automatic.ee\/en\/wp-json\/wp\/v2\/product\/111709","targetHints":{"allow":["GET"]}}],"collection":[{"href":"https:\/\/automatic.ee\/en\/wp-json\/wp\/v2\/product"}],"about":[{"href":"https:\/\/automatic.ee\/en\/wp-json\/wp\/v2\/types\/product"}],"replies":[{"embeddable":true,"href":"https:\/\/automatic.ee\/en\/wp-json\/wp\/v2\/comments?post=111709"}],"wp:featuredmedia":[{"embeddable":true,"href":"https:\/\/automatic.ee\/en\/wp-json\/wp\/v2\/media\/111706"}],"wp:attachment":[{"href":"https:\/\/automatic.ee\/en\/wp-json\/wp\/v2\/media?parent=111709"}],"wp:term":[{"taxonomy":"product_brand","embeddable":true,"href":"https:\/\/automatic.ee\/en\/wp-json\/wp\/v2\/product_brand?post=111709"},{"taxonomy":"product_cat","embeddable":true,"href":"https:\/\/automatic.ee\/en\/wp-json\/wp\/v2\/product_cat?post=111709"},{"taxonomy":"product_tag","embeddable":true,"href":"https:\/\/automatic.ee\/en\/wp-json\/wp\/v2\/product_tag?post=111709"}],"curies":[{"name":"wp","href":"https:\/\/api.w.org\/{rel}","templated":true}]}}