{"id":111615,"date":"2025-11-04T06:05:20","date_gmt":"2025-11-04T04:05:20","guid":{"rendered":"https:\/\/automatic.ee\/toode\/liim-aerosoolis-%d1%81%d0%bf%d1%80%d0%b5%d0%b9-%d0%ba%d0%bb%d0%b5%d0%b9-400ml\/"},"modified":"2025-11-04T06:05:20","modified_gmt":"2025-11-04T04:05:20","slug":"liim-aerosoolis-%d1%81%d0%bf%d1%80%d0%b5%d0%b9-%d0%ba%d0%bb%d0%b5%d0%b9-400ml","status":"publish","type":"product","link":"https:\/\/automatic.ee\/en\/toode\/liim-aerosoolis-%d1%81%d0%bf%d1%80%d0%b5%d0%b9-%d0%ba%d0%bb%d0%b5%d0%b9-400ml\/","title":{"rendered":"Liim aerosoolis &#8211; \u0421\u041f\u0420\u0415\u0419-\u041a\u041b\u0415\u0419 400ml"},"content":{"rendered":"<p>M\u00f5eldud kiireks liimimiseks:<\/p>\n<div>kangad, poorne kumm, vahtkumm, vahtpol\u00fcuretaan, heliisolatsioonimaterjalid, plastik, nahk, kunstnahk, vilt, tekstiil, metall, v\u00e4rvitud plekk, puit ja muud materjalid. Saab kasutada m\u00f6\u00f6bliliimina<\/div>\n<div><\/div>\n<div>Berneri universaalse aerosoolliimi peamised omadused:<\/div>\n<div>Kuivab kiiresti<\/div>\n<div>Reguleeritav pihustusotsik<\/div>\n<div>K\u00f5rge adhesiooniv\u00f5ime<\/div>\n<div>Ei sobi vahu liimimiseks<\/div>\n<div>Ei sisalda klooritud s\u00fcsivesinikke<\/div>\n<div>Veekindel<\/div>\n<div>Tinglikult vastupidav bensiinile<\/div>\n<div>Ei ole vastupidav estrite, ketoonide, aromaatsete ja klooritud s\u00fcsivesinike suhtes.<\/div>\n<div>Lai temperatuurivahemik -25 &#8211; +80 \u00b0C.<\/div>\n<div>Liimi pihustusj\u00f5udu saab reguleerida, mis tagab nii doseerimise v\u00f5imaluse kui ka toote efektiivse ja s\u00e4\u00e4stliku kasutamise.<\/div>\n","protected":false},"excerpt":{"rendered":"<p>107218 BERNER<\/p>\n","protected":false},"featured_media":111612,"comment_status":"open","ping_status":"closed","template":"","meta":{"colormag_page_container_layout":"default_layout","colormag_page_sidebar_layout":"default_layout"},"product_brand":[],"product_cat":[108],"product_tag":[],"class_list":{"0":"post-111615","1":"product","2":"type-product","3":"status-publish","4":"has-post-thumbnail","6":"product_cat-misc","8":"first","9":"instock","10":"shipping-taxable","11":"purchasable","12":"product-type-simple"},"_links":{"self":[{"href":"https:\/\/automatic.ee\/en\/wp-json\/wp\/v2\/product\/111615","targetHints":{"allow":["GET"]}}],"collection":[{"href":"https:\/\/automatic.ee\/en\/wp-json\/wp\/v2\/product"}],"about":[{"href":"https:\/\/automatic.ee\/en\/wp-json\/wp\/v2\/types\/product"}],"replies":[{"embeddable":true,"href":"https:\/\/automatic.ee\/en\/wp-json\/wp\/v2\/comments?post=111615"}],"wp:featuredmedia":[{"embeddable":true,"href":"https:\/\/automatic.ee\/en\/wp-json\/wp\/v2\/media\/111612"}],"wp:attachment":[{"href":"https:\/\/automatic.ee\/en\/wp-json\/wp\/v2\/media?parent=111615"}],"wp:term":[{"taxonomy":"product_brand","embeddable":true,"href":"https:\/\/automatic.ee\/en\/wp-json\/wp\/v2\/product_brand?post=111615"},{"taxonomy":"product_cat","embeddable":true,"href":"https:\/\/automatic.ee\/en\/wp-json\/wp\/v2\/product_cat?post=111615"},{"taxonomy":"product_tag","embeddable":true,"href":"https:\/\/automatic.ee\/en\/wp-json\/wp\/v2\/product_tag?post=111615"}],"curies":[{"name":"wp","href":"https:\/\/api.w.org\/{rel}","templated":true}]}}