{"id":111573,"date":"2025-11-04T06:04:18","date_gmt":"2025-11-04T04:04:18","guid":{"rendered":"https:\/\/automatic.ee\/toode\/lookvoti-26mm-l180mm-din-7444-king-tony\/"},"modified":"2025-11-04T06:04:18","modified_gmt":"2025-11-04T04:04:18","slug":"lookvoti-26mm-l180mm-din-7444-king-tony","status":"publish","type":"product","link":"https:\/\/automatic.ee\/en\/toode\/lookvoti-26mm-l180mm-din-7444-king-tony\/","title":{"rendered":"L\u00f6\u00f6kv\u00f5ti 26mm L=180mm DIN 7444 &#8211; KING TONY"},"content":{"rendered":"","protected":false},"excerpt":{"rendered":"<p>10BO-26<\/p>\n","protected":false},"featured_media":111570,"comment_status":"open","ping_status":"closed","template":"","meta":{"colormag_page_container_layout":"default_layout","colormag_page_sidebar_layout":"default_layout"},"product_brand":[],"product_cat":[116,115,142],"product_tag":[],"class_list":{"0":"post-111573","1":"product","2":"type-product","3":"status-publish","4":"has-post-thumbnail","6":"product_cat-kasitooriist","7":"product_cat-mutrivotmed-komplektid","8":"product_cat-tooriistad","10":"first","11":"instock","12":"shipping-taxable","13":"purchasable","14":"product-type-simple"},"_links":{"self":[{"href":"https:\/\/automatic.ee\/en\/wp-json\/wp\/v2\/product\/111573","targetHints":{"allow":["GET"]}}],"collection":[{"href":"https:\/\/automatic.ee\/en\/wp-json\/wp\/v2\/product"}],"about":[{"href":"https:\/\/automatic.ee\/en\/wp-json\/wp\/v2\/types\/product"}],"replies":[{"embeddable":true,"href":"https:\/\/automatic.ee\/en\/wp-json\/wp\/v2\/comments?post=111573"}],"wp:featuredmedia":[{"embeddable":true,"href":"https:\/\/automatic.ee\/en\/wp-json\/wp\/v2\/media\/111570"}],"wp:attachment":[{"href":"https:\/\/automatic.ee\/en\/wp-json\/wp\/v2\/media?parent=111573"}],"wp:term":[{"taxonomy":"product_brand","embeddable":true,"href":"https:\/\/automatic.ee\/en\/wp-json\/wp\/v2\/product_brand?post=111573"},{"taxonomy":"product_cat","embeddable":true,"href":"https:\/\/automatic.ee\/en\/wp-json\/wp\/v2\/product_cat?post=111573"},{"taxonomy":"product_tag","embeddable":true,"href":"https:\/\/automatic.ee\/en\/wp-json\/wp\/v2\/product_tag?post=111573"}],"curies":[{"name":"wp","href":"https:\/\/api.w.org\/{rel}","templated":true}]}}