{"id":111569,"date":"2025-11-04T06:04:15","date_gmt":"2025-11-04T04:04:15","guid":{"rendered":"https:\/\/automatic.ee\/toode\/mootoripesu-kontsentraat-5-8kg\/"},"modified":"2026-03-29T17:19:43","modified_gmt":"2026-03-29T15:19:43","slug":"mootoripesu-kontsentraat-5-8kg","status":"publish","type":"product","link":"https:\/\/automatic.ee\/en\/toode\/mootoripesu-kontsentraat-5-8kg\/","title":{"rendered":"Mootoripesu kontsentraat 5.8kg"},"content":{"rendered":"<p>Toodetud t\u00f5husate pesukomponentide ja aktiivsete lisandite p\u00f5hjal. See on ette n\u00e4htud mootoriploki ja mootori osade puhastamiseks \u00f5liplekkidest, m\u00e4\u00e4rdevooludest, kleepuvast tolmust ja muust mustusest. V\u00f5imas leeliseline valem v\u00f5imaldab puhastada ka k\u00f5ige vanemaid saasteaineid.<\/p>\n<p>Kasutusviis:<\/p>\n<p>  Lahjendage kontsentraat veega kiirusega 100-200 g \/ l, s\u00f5ltuvalt saastumise astmest.  R\u00f5hu all oleva veega koputage pealmine tolmukiht saastunud pinnalt maha, seej\u00e4rel kandke pihustist lahjendatud kompositsioon, leotage 2-3 minutit, v\u00e4ltides kuivamist.  Loputage hoolikalt veega.<\/p>\n","protected":false},"excerpt":{"rendered":"<p>110292<\/p>\n","protected":false},"featured_media":111566,"comment_status":"open","ping_status":"closed","template":"","meta":{"colormag_page_container_layout":"default_layout","colormag_page_sidebar_layout":"default_layout"},"product_brand":[],"product_cat":[128,162],"product_tag":[],"class_list":{"0":"post-111569","1":"product","2":"type-product","3":"status-publish","4":"has-post-thumbnail","6":"product_cat-autokeemia","7":"product_cat-grass-keemia-ja-detailing","9":"first","10":"instock","11":"shipping-taxable","12":"purchasable","13":"product-type-simple"},"_links":{"self":[{"href":"https:\/\/automatic.ee\/en\/wp-json\/wp\/v2\/product\/111569","targetHints":{"allow":["GET"]}}],"collection":[{"href":"https:\/\/automatic.ee\/en\/wp-json\/wp\/v2\/product"}],"about":[{"href":"https:\/\/automatic.ee\/en\/wp-json\/wp\/v2\/types\/product"}],"replies":[{"embeddable":true,"href":"https:\/\/automatic.ee\/en\/wp-json\/wp\/v2\/comments?post=111569"}],"wp:featuredmedia":[{"embeddable":true,"href":"https:\/\/automatic.ee\/en\/wp-json\/wp\/v2\/media\/111566"}],"wp:attachment":[{"href":"https:\/\/automatic.ee\/en\/wp-json\/wp\/v2\/media?parent=111569"}],"wp:term":[{"taxonomy":"product_brand","embeddable":true,"href":"https:\/\/automatic.ee\/en\/wp-json\/wp\/v2\/product_brand?post=111569"},{"taxonomy":"product_cat","embeddable":true,"href":"https:\/\/automatic.ee\/en\/wp-json\/wp\/v2\/product_cat?post=111569"},{"taxonomy":"product_tag","embeddable":true,"href":"https:\/\/automatic.ee\/en\/wp-json\/wp\/v2\/product_tag?post=111569"}],"curies":[{"name":"wp","href":"https:\/\/api.w.org\/{rel}","templated":true}]}}