{"id":111565,"date":"2025-11-04T06:04:05","date_gmt":"2025-11-04T04:04:05","guid":{"rendered":"https:\/\/automatic.ee\/toode\/vaha-nano-wax-250ml-grass\/"},"modified":"2025-11-04T06:04:05","modified_gmt":"2025-11-04T04:04:05","slug":"vaha-nano-wax-250ml-grass","status":"publish","type":"product","link":"https:\/\/automatic.ee\/en\/toode\/vaha-nano-wax-250ml-grass\/","title":{"rendered":"Vaha NANO WAX 250ML GRASS"},"content":{"rendered":"<p>Uue p\u00f5lvkonna kontsentreeritud vahendid auto pinna pikaajaliseks s\u00e4ilitamiseks p\u00e4rast pesemist. Moodustab k\u00f5ige \u00f5hema kaitsekile, mis on v\u00e4ga veekindel ja kuivab kiiresti. Loob antistaatilise efekti. Kaitseb t\u00f6\u00f6deldud pinda vee, mustuse ja kahjulike reaktiivide tungimise eest pikka aega. On meeldiva aroomiga.<\/p>\n<p>KASUTUSVIIS <\/p>\n<p> Kandke pihusti auto puhastatud pinnale (lahjendage kontsentraat veega vahekorras 1: 300 \u2013 1:500 v\u00f5i 2-3 g \/ l.) v\u00f5i vahu komplekt (suhe 1:30 \u2013 1: 50 v\u00f5i 20-30 g \/ l.) 2. 1-2 minuti p\u00e4rast loputage toode auto pinnalt veega maha.<\/p>\n","protected":false},"excerpt":{"rendered":"<p>110298<\/p>\n","protected":false},"featured_media":111562,"comment_status":"open","ping_status":"closed","template":"","meta":{"colormag_page_container_layout":"default_layout","colormag_page_sidebar_layout":"default_layout"},"product_brand":[],"product_cat":[162],"product_tag":[],"class_list":{"0":"post-111565","1":"product","2":"type-product","3":"status-publish","4":"has-post-thumbnail","6":"product_cat-grass-keemia-ja-detailing","8":"first","9":"instock","10":"shipping-taxable","11":"purchasable","12":"product-type-simple"},"_links":{"self":[{"href":"https:\/\/automatic.ee\/en\/wp-json\/wp\/v2\/product\/111565","targetHints":{"allow":["GET"]}}],"collection":[{"href":"https:\/\/automatic.ee\/en\/wp-json\/wp\/v2\/product"}],"about":[{"href":"https:\/\/automatic.ee\/en\/wp-json\/wp\/v2\/types\/product"}],"replies":[{"embeddable":true,"href":"https:\/\/automatic.ee\/en\/wp-json\/wp\/v2\/comments?post=111565"}],"wp:featuredmedia":[{"embeddable":true,"href":"https:\/\/automatic.ee\/en\/wp-json\/wp\/v2\/media\/111562"}],"wp:attachment":[{"href":"https:\/\/automatic.ee\/en\/wp-json\/wp\/v2\/media?parent=111565"}],"wp:term":[{"taxonomy":"product_brand","embeddable":true,"href":"https:\/\/automatic.ee\/en\/wp-json\/wp\/v2\/product_brand?post=111565"},{"taxonomy":"product_cat","embeddable":true,"href":"https:\/\/automatic.ee\/en\/wp-json\/wp\/v2\/product_cat?post=111565"},{"taxonomy":"product_tag","embeddable":true,"href":"https:\/\/automatic.ee\/en\/wp-json\/wp\/v2\/product_tag?post=111565"}],"curies":[{"name":"wp","href":"https:\/\/api.w.org\/{rel}","templated":true}]}}