{"id":111553,"date":"2025-11-04T06:03:51","date_gmt":"2025-11-04T04:03:51","guid":{"rendered":"https:\/\/automatic.ee\/toode\/poleerimisvahend-laikiv-polyrole-shine-600ml\/"},"modified":"2026-04-10T02:37:30","modified_gmt":"2026-04-10T00:37:30","slug":"poleerimisvahend-laikiv-polyrole-shine-600ml","status":"publish","type":"product","link":"https:\/\/automatic.ee\/en\/toode\/poleerimisvahend-laikiv-polyrole-shine-600ml\/","title":{"rendered":"Poleerimisvahend l\u00e4ikiv POLYROLE SHINE 600ml"},"content":{"rendered":"<p>Professionaalne l\u00e4ikiv lakk armatuurlaua t\u00f6\u00f6tlemiseks, plastiku, naha, puidu, vin\u00fc\u00fcli ja kummitoodete puhastamiseks ja poleerimiseks. See s\u00e4ilitab oma algse v\u00e4rvi, ei j\u00e4ta rasvaseid plekke, takistab tolmu settimist ja annab l\u00e4ikiva s\u00e4ra. Tootel on meeldiv aroom.<\/p>\n<p>Kasutusviis:<\/p>\n<p> loksutage enne kasutamist. Puhastage pind eelnevalt, kui see on tugevalt m\u00e4\u00e4rdunud. Kandke lakk puhastatud pinnale pihustuspudeli v\u00f5i salvr\u00e4tiku abil. H\u00f5\u00f5ruge hoolikalt ringjate liigutustega \u00fcle pinna.<\/p>\n","protected":false},"excerpt":{"rendered":"<p>110388<\/p>\n","protected":false},"featured_media":111550,"comment_status":"open","ping_status":"closed","template":"","meta":{"colormag_page_container_layout":"default_layout","colormag_page_sidebar_layout":"default_layout"},"product_brand":[],"product_cat":[128,162],"product_tag":[],"class_list":{"0":"post-111553","1":"product","2":"type-product","3":"status-publish","4":"has-post-thumbnail","6":"product_cat-autokeemia","7":"product_cat-grass-keemia-ja-detailing","9":"first","10":"instock","11":"shipping-taxable","12":"purchasable","13":"product-type-simple"},"_links":{"self":[{"href":"https:\/\/automatic.ee\/en\/wp-json\/wp\/v2\/product\/111553","targetHints":{"allow":["GET"]}}],"collection":[{"href":"https:\/\/automatic.ee\/en\/wp-json\/wp\/v2\/product"}],"about":[{"href":"https:\/\/automatic.ee\/en\/wp-json\/wp\/v2\/types\/product"}],"replies":[{"embeddable":true,"href":"https:\/\/automatic.ee\/en\/wp-json\/wp\/v2\/comments?post=111553"}],"wp:featuredmedia":[{"embeddable":true,"href":"https:\/\/automatic.ee\/en\/wp-json\/wp\/v2\/media\/111550"}],"wp:attachment":[{"href":"https:\/\/automatic.ee\/en\/wp-json\/wp\/v2\/media?parent=111553"}],"wp:term":[{"taxonomy":"product_brand","embeddable":true,"href":"https:\/\/automatic.ee\/en\/wp-json\/wp\/v2\/product_brand?post=111553"},{"taxonomy":"product_cat","embeddable":true,"href":"https:\/\/automatic.ee\/en\/wp-json\/wp\/v2\/product_cat?post=111553"},{"taxonomy":"product_tag","embeddable":true,"href":"https:\/\/automatic.ee\/en\/wp-json\/wp\/v2\/product_tag?post=111553"}],"curies":[{"name":"wp","href":"https:\/\/api.w.org\/{rel}","templated":true}]}}