{"id":111541,"date":"2025-11-04T06:03:38","date_gmt":"2025-11-04T04:03:38","guid":{"rendered":"https:\/\/automatic.ee\/toode\/poleerimisvahend-express-polish-600ml-grass\/"},"modified":"2025-11-04T06:03:38","modified_gmt":"2025-11-04T04:03:38","slug":"poleerimisvahend-express-polish-600ml-grass","status":"publish","type":"product","link":"https:\/\/automatic.ee\/en\/toode\/poleerimisvahend-express-polish-600ml-grass\/","title":{"rendered":"Poleerimisvahend EXPRESS POLISH 600ml GRASS"},"content":{"rendered":"<p>Ekspresslakk mis tahes v\u00e4rvi autokere hooldamiseks. Taastab kiiresti ja lihtsalt v\u00e4rvkatte l\u00e4ike ja v\u00e4rskendab tuhmunud kehaosi. Toote spetsiaalsed komponendid kaitsevad pinda ja t\u00f5rjuvad vett, kiirendades kuivamisprotsessi.<\/p>\n<div>\n<div>Kasutusviis:<\/div>\n<div>1. Raputage pudelit ja pihustage lakk puhastatud pinnale.<\/div>\n<div><\/div>\n<div>2. Jaotage ringjate liigutustega kuiva puhta salvr\u00e4tiku v\u00f5i mikrokiudlapi abil.<\/div>\n<div><\/div>\n<div>3. Poleerimise h\u00f5lbustamiseks kandke osadega (katke s\u00f5iduki eraldi osad).<\/div>\n<div><\/div>\n<div>Lakki saab kasutada nii kuival kui ka m\u00e4rjal pinnal.<\/div>\n<\/div>\n","protected":false},"excerpt":{"rendered":"<p>110403<\/p>\n","protected":false},"featured_media":111538,"comment_status":"open","ping_status":"closed","template":"","meta":{"colormag_page_container_layout":"default_layout","colormag_page_sidebar_layout":"default_layout"},"product_brand":[],"product_cat":[162],"product_tag":[],"class_list":{"0":"post-111541","1":"product","2":"type-product","3":"status-publish","4":"has-post-thumbnail","6":"product_cat-grass-keemia-ja-detailing","8":"first","9":"instock","10":"shipping-taxable","11":"purchasable","12":"product-type-simple"},"_links":{"self":[{"href":"https:\/\/automatic.ee\/en\/wp-json\/wp\/v2\/product\/111541","targetHints":{"allow":["GET"]}}],"collection":[{"href":"https:\/\/automatic.ee\/en\/wp-json\/wp\/v2\/product"}],"about":[{"href":"https:\/\/automatic.ee\/en\/wp-json\/wp\/v2\/types\/product"}],"replies":[{"embeddable":true,"href":"https:\/\/automatic.ee\/en\/wp-json\/wp\/v2\/comments?post=111541"}],"wp:featuredmedia":[{"embeddable":true,"href":"https:\/\/automatic.ee\/en\/wp-json\/wp\/v2\/media\/111538"}],"wp:attachment":[{"href":"https:\/\/automatic.ee\/en\/wp-json\/wp\/v2\/media?parent=111541"}],"wp:term":[{"taxonomy":"product_brand","embeddable":true,"href":"https:\/\/automatic.ee\/en\/wp-json\/wp\/v2\/product_brand?post=111541"},{"taxonomy":"product_cat","embeddable":true,"href":"https:\/\/automatic.ee\/en\/wp-json\/wp\/v2\/product_cat?post=111541"},{"taxonomy":"product_tag","embeddable":true,"href":"https:\/\/automatic.ee\/en\/wp-json\/wp\/v2\/product_tag?post=111541"}],"curies":[{"name":"wp","href":"https:\/\/api.w.org\/{rel}","templated":true}]}}