{"id":111537,"date":"2025-11-04T06:03:30","date_gmt":"2025-11-04T04:03:30","guid":{"rendered":"https:\/\/automatic.ee\/toode\/velgede-puhastusvahend-disk-cleaner-super-600ml-grass\/"},"modified":"2025-11-04T06:03:30","modified_gmt":"2025-11-04T04:03:30","slug":"velgede-puhastusvahend-disk-cleaner-super-600ml-grass","status":"publish","type":"product","link":"https:\/\/automatic.ee\/en\/toode\/velgede-puhastusvahend-disk-cleaner-super-600ml-grass\/","title":{"rendered":"Velgede puhastusvahend DISK CLEANER SUPER 600ml GRASS"},"content":{"rendered":"<p>Ratta velje puhastaja mustuste ja tugeva mustuse jaoks. \u00dchendi neutraalne pH-valem on ohutu nii ratastele kui ka auto kerele. Disk Cleaner Super on h\u00e4davajalik kangekaelse piduritolmu eemaldamiseks ketastelt, mida ei saa tavap\u00e4raste toodetega t\u00e4ielikult puhastada. Disk Cleaner Super lagundab mustuse m\u00f5ne minutiga, omandades viimistlemisel karmiinpunase tooni.<\/p>\n<div>Kasutusviis:<\/div>\n<div>Jahutage pind enne toote pealekandmist! Loksutage enne kasutamist! 1. Peske autot kontaktivaba \u0161ampooniga. 2. Kandke Disk Cleaner Super koostis saastunud aladele. Oodake kompositsiooni v\u00e4rvimist vaarika v\u00e4rviga. Velgede raskete saasteainete puhastamiseks on soovitatav kompositsiooni pinnal hoida v\u00e4hemalt 3 minutit, seej\u00e4rel eemaldada mustus pehme harja v\u00f5i harjaga. 3. Loputage t\u00f6\u00f6deldud alasid p\u00f5hjalikult v\u00f5imsa veejoaga \u00fcle pinna ja lase kuivada.<\/div>\n<p>Velgede puhastusvahend<\/p>\n<p>Grass<\/p>\n<p>110405<\/p>\n","protected":false},"excerpt":{"rendered":"<p>110405<\/p>\n","protected":false},"featured_media":111534,"comment_status":"open","ping_status":"closed","template":"","meta":{"colormag_page_container_layout":"default_layout","colormag_page_sidebar_layout":"default_layout"},"product_brand":[],"product_cat":[162],"product_tag":[],"class_list":{"0":"post-111537","1":"product","2":"type-product","3":"status-publish","4":"has-post-thumbnail","6":"product_cat-grass-keemia-ja-detailing","8":"first","9":"instock","10":"shipping-taxable","11":"purchasable","12":"product-type-simple"},"_links":{"self":[{"href":"https:\/\/automatic.ee\/en\/wp-json\/wp\/v2\/product\/111537","targetHints":{"allow":["GET"]}}],"collection":[{"href":"https:\/\/automatic.ee\/en\/wp-json\/wp\/v2\/product"}],"about":[{"href":"https:\/\/automatic.ee\/en\/wp-json\/wp\/v2\/types\/product"}],"replies":[{"embeddable":true,"href":"https:\/\/automatic.ee\/en\/wp-json\/wp\/v2\/comments?post=111537"}],"wp:featuredmedia":[{"embeddable":true,"href":"https:\/\/automatic.ee\/en\/wp-json\/wp\/v2\/media\/111534"}],"wp:attachment":[{"href":"https:\/\/automatic.ee\/en\/wp-json\/wp\/v2\/media?parent=111537"}],"wp:term":[{"taxonomy":"product_brand","embeddable":true,"href":"https:\/\/automatic.ee\/en\/wp-json\/wp\/v2\/product_brand?post=111537"},{"taxonomy":"product_cat","embeddable":true,"href":"https:\/\/automatic.ee\/en\/wp-json\/wp\/v2\/product_cat?post=111537"},{"taxonomy":"product_tag","embeddable":true,"href":"https:\/\/automatic.ee\/en\/wp-json\/wp\/v2\/product_tag?post=111537"}],"curies":[{"name":"wp","href":"https:\/\/api.w.org\/{rel}","templated":true}]}}