{"id":111533,"date":"2025-11-04T06:03:26","date_gmt":"2025-11-04T04:03:26","guid":{"rendered":"https:\/\/automatic.ee\/toode\/plastik-poleerimisvahend-polyrole-matte-buble-600ml-grass\/"},"modified":"2025-11-04T06:03:26","modified_gmt":"2025-11-04T04:03:26","slug":"plastik-poleerimisvahend-polyrole-matte-buble-600ml-grass","status":"publish","type":"product","link":"https:\/\/automatic.ee\/en\/toode\/plastik-poleerimisvahend-polyrole-matte-buble-600ml-grass\/","title":{"rendered":"Plastik poleerimisvahend POLYROLE MATTE BUBLE 600ml GRASS"},"content":{"rendered":"<p>Professionaalne mattlakk naha, puidu, vin\u00fc\u00fcli, plasti ja kummitoodete armatuurlaua t\u00f6\u00f6tlemiseks, puhastamiseks ja poleerimiseks. See s\u00e4ilitab oma algse v\u00e4rvi, ei j\u00e4ta rasvaseid plekke, takistab tolmu settimist ja annab mattl\u00e4ike. Tootel on meeldiv aroom.<\/p>\n<p>Kasutamine:<\/p>\n<p> kandke pinnale pihusti v\u00f5i k\u00e4sna abil ja jaotage ringjate liigutustega \u00fchtlaselt \u00fcle pinna. \u00c4rge laske klaasidel ja peeglitel.<\/p>\n<p>Poleerimisvahend<\/p>\n<p>110428<\/p>\n<p>Grass<\/p>\n","protected":false},"excerpt":{"rendered":"<p>110428<\/p>\n","protected":false},"featured_media":111530,"comment_status":"open","ping_status":"closed","template":"","meta":{"colormag_page_container_layout":"default_layout","colormag_page_sidebar_layout":"default_layout"},"product_brand":[],"product_cat":[162],"product_tag":[],"class_list":{"0":"post-111533","1":"product","2":"type-product","3":"status-publish","4":"has-post-thumbnail","6":"product_cat-grass-keemia-ja-detailing","8":"first","9":"instock","10":"shipping-taxable","11":"purchasable","12":"product-type-simple"},"_links":{"self":[{"href":"https:\/\/automatic.ee\/en\/wp-json\/wp\/v2\/product\/111533","targetHints":{"allow":["GET"]}}],"collection":[{"href":"https:\/\/automatic.ee\/en\/wp-json\/wp\/v2\/product"}],"about":[{"href":"https:\/\/automatic.ee\/en\/wp-json\/wp\/v2\/types\/product"}],"replies":[{"embeddable":true,"href":"https:\/\/automatic.ee\/en\/wp-json\/wp\/v2\/comments?post=111533"}],"wp:featuredmedia":[{"embeddable":true,"href":"https:\/\/automatic.ee\/en\/wp-json\/wp\/v2\/media\/111530"}],"wp:attachment":[{"href":"https:\/\/automatic.ee\/en\/wp-json\/wp\/v2\/media?parent=111533"}],"wp:term":[{"taxonomy":"product_brand","embeddable":true,"href":"https:\/\/automatic.ee\/en\/wp-json\/wp\/v2\/product_brand?post=111533"},{"taxonomy":"product_cat","embeddable":true,"href":"https:\/\/automatic.ee\/en\/wp-json\/wp\/v2\/product_cat?post=111533"},{"taxonomy":"product_tag","embeddable":true,"href":"https:\/\/automatic.ee\/en\/wp-json\/wp\/v2\/product_tag?post=111533"}],"curies":[{"name":"wp","href":"https:\/\/api.w.org\/{rel}","templated":true}]}}