{"id":111501,"date":"2025-11-04T06:02:35","date_gmt":"2025-11-04T04:02:35","guid":{"rendered":"https:\/\/automatic.ee\/toode\/aktiivvaht-active-foam-effect-6kg-grass\/"},"modified":"2025-11-04T06:02:35","modified_gmt":"2025-11-04T04:02:35","slug":"aktiivvaht-active-foam-effect-6kg-grass","status":"publish","type":"product","link":"https:\/\/automatic.ee\/en\/toode\/aktiivvaht-active-foam-effect-6kg-grass\/","title":{"rendered":"Aktiivvaht ACTIVE FOAM EFFECT 6kg GRASS"},"content":{"rendered":"<p>Kontsentreeritud, k\u00f5rge vahuga, \u00fchekomponendiline vahend mis tahes s\u00f5idukite kontaktivabaks pesemiseks. Eemaldab kergesti mustuse, tolmu, \u00f5li, putukaj\u00e4ljed. Loob p\u00fcsiva rikkaliku vahu, mis pestakse pinnalt kergesti maha. Seda rakendatakse vahtpihusti abil. Annab pinnale s\u00e4ra. Ei kahjusta v\u00e4rvi-ja lakikatteid. Sisaldab korrosioonivastaseid lisandeid. <\/p>\n<p>Enne pealekandmist tuleb toode lahjendada veega arvutusest:   10-20 g\/l (1:50 &#8211; 1:100) vahtgeneraatori jaoks  150-300 g\/l (1:2 &#8211; 1:6) vahtkompleksis, s\u00f5ltuvalt saastumise astmest.  Koputage pinnalt \u00fclemine mustuse kiht, seej\u00e4rel kandke lahjendatud kompositsioon alt \u00fcles, et v\u00e4ltida lekkeid.  Taluma 1-2 minutit. \u00c4ra lase kuivada!   Loputage hoolikalt k\u00f5rgsurveveega l\u00e4hedalt 15-20 cm alt \u00fcles.  \u00dche s\u00f5iduauto tarbimine peaks olema 40-80 g kontsentraati.<\/p>\n","protected":false},"excerpt":{"rendered":"<p>113111<\/p>\n","protected":false},"featured_media":111498,"comment_status":"open","ping_status":"closed","template":"","meta":{"colormag_page_container_layout":"default_layout","colormag_page_sidebar_layout":"default_layout"},"product_brand":[],"product_cat":[162],"product_tag":[],"class_list":{"0":"post-111501","1":"product","2":"type-product","3":"status-publish","4":"has-post-thumbnail","6":"product_cat-grass-keemia-ja-detailing","8":"first","9":"instock","10":"shipping-taxable","11":"purchasable","12":"product-type-simple"},"_links":{"self":[{"href":"https:\/\/automatic.ee\/en\/wp-json\/wp\/v2\/product\/111501","targetHints":{"allow":["GET"]}}],"collection":[{"href":"https:\/\/automatic.ee\/en\/wp-json\/wp\/v2\/product"}],"about":[{"href":"https:\/\/automatic.ee\/en\/wp-json\/wp\/v2\/types\/product"}],"replies":[{"embeddable":true,"href":"https:\/\/automatic.ee\/en\/wp-json\/wp\/v2\/comments?post=111501"}],"wp:featuredmedia":[{"embeddable":true,"href":"https:\/\/automatic.ee\/en\/wp-json\/wp\/v2\/media\/111498"}],"wp:attachment":[{"href":"https:\/\/automatic.ee\/en\/wp-json\/wp\/v2\/media?parent=111501"}],"wp:term":[{"taxonomy":"product_brand","embeddable":true,"href":"https:\/\/automatic.ee\/en\/wp-json\/wp\/v2\/product_brand?post=111501"},{"taxonomy":"product_cat","embeddable":true,"href":"https:\/\/automatic.ee\/en\/wp-json\/wp\/v2\/product_cat?post=111501"},{"taxonomy":"product_tag","embeddable":true,"href":"https:\/\/automatic.ee\/en\/wp-json\/wp\/v2\/product_tag?post=111501"}],"curies":[{"name":"wp","href":"https:\/\/api.w.org\/{rel}","templated":true}]}}