{"id":111287,"date":"2025-11-04T05:57:03","date_gmt":"2025-11-04T03:57:03","guid":{"rendered":"https:\/\/automatic.ee\/toode\/alumiinium-maare-aerosool-%d0%b0%d0%bb%d1%8e%d0%bc%d0%b8%d0%bd%d0%b8%d0%b5%d0%b2%d1%8b%d0%b9-%d1%81%d0%bc%d0%b0%d0%b7%d0%be%d1%87%d0%bd%d1%8b%d0%b9-%d1%81%d0%bf%d1%80%d0%b5%d0%b9-400ml\/"},"modified":"2025-11-04T05:57:03","modified_gmt":"2025-11-04T03:57:03","slug":"alumiinium-maare-aerosool-%d0%b0%d0%bb%d1%8e%d0%bc%d0%b8%d0%bd%d0%b8%d0%b5%d0%b2%d1%8b%d0%b9-%d1%81%d0%bc%d0%b0%d0%b7%d0%be%d1%87%d0%bd%d1%8b%d0%b9-%d1%81%d0%bf%d1%80%d0%b5%d0%b9-400ml","status":"publish","type":"product","link":"https:\/\/automatic.ee\/en\/toode\/alumiinium-maare-aerosool-%d0%b0%d0%bb%d1%8e%d0%bc%d0%b8%d0%bd%d0%b8%d0%b5%d0%b2%d1%8b%d0%b9-%d1%81%d0%bc%d0%b0%d0%b7%d0%be%d1%87%d0%bd%d1%8b%d0%b9-%d1%81%d0%bf%d1%80%d0%b5%d0%b9-400ml\/","title":{"rendered":"ALUMIINIUM M\u00c4\u00c4RE AEROSOOL &#8211; \u0410\u041b\u042e\u041c\u0418\u041d\u0418\u0415\u0412\u042b\u0419 \u0421\u041c\u0410\u0417\u041e\u0427\u041d\u042b\u0419 \u0421\u041f\u0420\u0415\u0419 400ML"},"content":{"rendered":"<p>Kasutusvaldkonnad:<\/p>\n<div>Ideaalne termiliselt pingestatud alumiiniumkomponentide eraldamiseks ja korrosiooni eest kaitsmiseks.<\/div>\n<div>Alumiiniumist silindripeade alumiiniumosade ja \u00e4\u00e4rikute, mutrite, ventiilide v\u00f5i kruvide lihtsaks paigaldamiseks ja eemaldamiseks.<\/div>\n<div>Sobib k\u00f5ikidele alumiiniumist k\u00fcttes\u00fcsteemide \u00fchendusdetailidele.<\/div>\n<div>Toote eelised:<\/div>\n<div>Ideaalne k\u00f5rge temperatuuri ja suure koormusega rakendusteks alumiiniumosadele v\u00f5i alumiiniumosi sisaldavatele s\u00f5lmedele.<\/div>\n<div>Keemiliselt \u00fchilduv alumiiniumiga ja ei p\u00f5hjusta elektrokeemilist korrosiooni.<\/div>\n<div>K\u00f5rge r\u00f5hukindlus<\/div>\n<div>Lihtsustatud hooldus<\/div>\n<div>Osade kinnikiilumine puudub<\/div>\n<div>Eemaldage h\u00f5lpsasti alumiiniumist silindripeade keermestatud poldid.<\/div>\n<div>Pole katkiseid polte<\/div>\n<div>Pikenenud materiaalne eluiga<\/div>\n<div>Kerge keermetihendi t\u00f5ttu korrosioonikaitse<\/div>\n<div>Kaitseb kruvitud osi kriuksumise eest.<\/div>\n<div>V\u00e4hendab niidi kulumist<\/div>\n","protected":false},"excerpt":{"rendered":"<p>147662 BERNER<\/p>\n","protected":false},"featured_media":111284,"comment_status":"open","ping_status":"closed","template":"","meta":{"colormag_page_container_layout":"default_layout","colormag_page_sidebar_layout":"default_layout"},"product_brand":[],"product_cat":[108],"product_tag":[],"class_list":{"0":"post-111287","1":"product","2":"type-product","3":"status-publish","4":"has-post-thumbnail","6":"product_cat-misc","8":"first","9":"instock","10":"shipping-taxable","11":"purchasable","12":"product-type-simple"},"_links":{"self":[{"href":"https:\/\/automatic.ee\/en\/wp-json\/wp\/v2\/product\/111287","targetHints":{"allow":["GET"]}}],"collection":[{"href":"https:\/\/automatic.ee\/en\/wp-json\/wp\/v2\/product"}],"about":[{"href":"https:\/\/automatic.ee\/en\/wp-json\/wp\/v2\/types\/product"}],"replies":[{"embeddable":true,"href":"https:\/\/automatic.ee\/en\/wp-json\/wp\/v2\/comments?post=111287"}],"wp:featuredmedia":[{"embeddable":true,"href":"https:\/\/automatic.ee\/en\/wp-json\/wp\/v2\/media\/111284"}],"wp:attachment":[{"href":"https:\/\/automatic.ee\/en\/wp-json\/wp\/v2\/media?parent=111287"}],"wp:term":[{"taxonomy":"product_brand","embeddable":true,"href":"https:\/\/automatic.ee\/en\/wp-json\/wp\/v2\/product_brand?post=111287"},{"taxonomy":"product_cat","embeddable":true,"href":"https:\/\/automatic.ee\/en\/wp-json\/wp\/v2\/product_cat?post=111287"},{"taxonomy":"product_tag","embeddable":true,"href":"https:\/\/automatic.ee\/en\/wp-json\/wp\/v2\/product_tag?post=111287"}],"curies":[{"name":"wp","href":"https:\/\/api.w.org\/{rel}","templated":true}]}}