{"id":111271,"date":"2025-11-04T05:56:52","date_gmt":"2025-11-04T03:56:52","guid":{"rendered":"https:\/\/automatic.ee\/toode\/armatuuri-puh-aerosool-poolmatt-%d1%81%d0%bf%d1%80%d0%b5%d0%b9-%d0%b4%d0%bb%d1%8f-%d1%81%d0%b0%d0%bb%d0%be%d0%bd%d0%b0-%d0%bf%d0%be%d0%bb%d1%83%d0%b3%d0%bb%d1%8f%d0%bd%d1%86%d0%b5%d0%b2%d1%8b%d0%b9-40\/"},"modified":"2025-11-04T05:56:52","modified_gmt":"2025-11-04T03:56:52","slug":"armatuuri-puh-aerosool-poolmatt-%d1%81%d0%bf%d1%80%d0%b5%d0%b9-%d0%b4%d0%bb%d1%8f-%d1%81%d0%b0%d0%bb%d0%be%d0%bd%d0%b0-%d0%bf%d0%be%d0%bb%d1%83%d0%b3%d0%bb%d1%8f%d0%bd%d1%86%d0%b5%d0%b2%d1%8b%d0%b9-40","status":"publish","type":"product","link":"https:\/\/automatic.ee\/en\/toode\/armatuuri-puh-aerosool-poolmatt-%d1%81%d0%bf%d1%80%d0%b5%d0%b9-%d0%b4%d0%bb%d1%8f-%d1%81%d0%b0%d0%bb%d0%be%d0%bd%d0%b0-%d0%bf%d0%be%d0%bb%d1%83%d0%b3%d0%bb%d1%8f%d0%bd%d1%86%d0%b5%d0%b2%d1%8b%d0%b9-40\/","title":{"rendered":"ARMATUURI PUH.AEROSOOL POOLMATT \u0421\u043f\u0440\u0435\u0439 \u0434\u043b\u044f \u0441\u0430\u043b\u043e\u043d\u0430 \u043f\u043e\u043b\u0443\u0433\u043b\u044f\u043d\u0446\u0435\u0432\u044b\u0439 400ml"},"content":{"rendered":"<p>Kasutusvaldkonnad<\/p>\n<div><\/div>\n<div>Kasutatakse k\u00f5ikide plastikust ja kummist autoosade hooldamiseks: uksepaneelid, armatuurlaud, armatuurlaud.<\/div>\n<div><\/div>\n<div>Toote eelised<\/div>\n<div><\/div>\n<div>Pleekinud plastosad saavad siidiselt uue l\u00e4ike<\/div>\n<div>Pikaajaline hooldusefekt<\/div>\n<div>Sellel on antistaatiline ja tolmu t\u00f5rjuv toime.<\/div>\n<div>Pikendab plastide kasutusiga<\/div>\n<div>M\u00f5nus v\u00e4rske aroom, hoiab \u00e4ra krigisemise ja l\u00f5henemise.<\/div>\n<div>Sisaldab silikooni<\/div>\n<div>T\u00f6\u00f6tlemisjuhised<\/div>\n<div><\/div>\n<div>Enne kasutamist loksutage korralikult.<\/div>\n<div>Pihustage BERNER Cockpit Spray puhtale kuivale lapile ja kandke \u00fchtlaselt t\u00f6\u00f6deldavatele pindadele.<\/div>\n<div>Seej\u00e4rel p\u00fchkige pehme lapiga ilma surveta.<\/div>\n<div>\u00c4rge pihustage soojale\/kuumale pinnale.<\/div>\n<div>\u00c4rge pihustage otse plastpindadele v\u00f5i roolidele, pedaalidele, p\u00f5randamattidele, istmetele ja akr\u00fc\u00fclklaasile.<\/div>\n","protected":false},"excerpt":{"rendered":"<p>148114 BERNER<\/p>\n","protected":false},"featured_media":111268,"comment_status":"open","ping_status":"closed","template":"","meta":{"colormag_page_container_layout":"default_layout","colormag_page_sidebar_layout":"default_layout"},"product_brand":[],"product_cat":[108],"product_tag":[],"class_list":{"0":"post-111271","1":"product","2":"type-product","3":"status-publish","4":"has-post-thumbnail","6":"product_cat-misc","8":"first","9":"instock","10":"shipping-taxable","11":"purchasable","12":"product-type-simple"},"_links":{"self":[{"href":"https:\/\/automatic.ee\/en\/wp-json\/wp\/v2\/product\/111271","targetHints":{"allow":["GET"]}}],"collection":[{"href":"https:\/\/automatic.ee\/en\/wp-json\/wp\/v2\/product"}],"about":[{"href":"https:\/\/automatic.ee\/en\/wp-json\/wp\/v2\/types\/product"}],"replies":[{"embeddable":true,"href":"https:\/\/automatic.ee\/en\/wp-json\/wp\/v2\/comments?post=111271"}],"wp:featuredmedia":[{"embeddable":true,"href":"https:\/\/automatic.ee\/en\/wp-json\/wp\/v2\/media\/111268"}],"wp:attachment":[{"href":"https:\/\/automatic.ee\/en\/wp-json\/wp\/v2\/media?parent=111271"}],"wp:term":[{"taxonomy":"product_brand","embeddable":true,"href":"https:\/\/automatic.ee\/en\/wp-json\/wp\/v2\/product_brand?post=111271"},{"taxonomy":"product_cat","embeddable":true,"href":"https:\/\/automatic.ee\/en\/wp-json\/wp\/v2\/product_cat?post=111271"},{"taxonomy":"product_tag","embeddable":true,"href":"https:\/\/automatic.ee\/en\/wp-json\/wp\/v2\/product_tag?post=111271"}],"curies":[{"name":"wp","href":"https:\/\/api.w.org\/{rel}","templated":true}]}}